{"id":5440,"date":"2022-10-18T15:05:28","date_gmt":"2022-10-18T14:05:28","guid":{"rendered":"https:\/\/erp-recycling.org\/de-at\/?page_id=5440"},"modified":"2022-12-13T12:20:59","modified_gmt":"2022-12-13T11:20:59","slug":"position-papers","status":"publish","type":"page","link":"https:\/\/erp-recycling.org\/de-at\/position-papers\/","title":{"rendered":"Position Papers"},"content":{"rendered":"<p><div class=\"fusion-fullwidth fullwidth-box fusion-builder-row-1 fusion-flex-container has-pattern-background has-mask-background fusion-parallax-none nonhundred-percent-fullwidth non-hundred-percent-height-scrolling page-hero\" style=\"--awb-border-radius-top-left:0px;--awb-border-radius-top-right:0px;--awb-border-radius-bottom-right:0px;--awb-border-radius-bottom-left:0px;--awb-padding-top:12vh;--awb-padding-bottom:12vh;--awb-margin-top:0px;--awb-margin-bottom:0px;--awb-min-height:510px;--awb-min-height-small:250px;--awb-background-color:var(--awb-color7);--awb-background-image:url(&quot;https:\/\/erp-recycling.org\/de-at\/wp-content\/uploads\/sites\/57\/2022\/12\/ERP-Global-Position-Papers-Header.jpg&quot;);--awb-background-size:cover;--awb-flex-wrap:wrap;\" ><div class=\"fusion-builder-row fusion-row fusion-flex-align-items-flex-start fusion-flex-content-wrap\" style=\"max-width:1456px;margin-left: calc(-4% \/ 2 );margin-right: calc(-4% \/ 2 );\"><\/div><\/div><div class=\"fusion-fullwidth fullwidth-box fusion-builder-row-2 fusion-flex-container has-pattern-background has-mask-background nonhundred-percent-fullwidth non-hundred-percent-height-scrolling\" style=\"--awb-border-radius-top-left:0px;--awb-border-radius-top-right:0px;--awb-border-radius-bottom-right:0px;--awb-border-radius-bottom-left:0px;--awb-margin-top:40px;--awb-margin-bottom:40px;--awb-flex-wrap:wrap;\" ><div class=\"fusion-builder-row fusion-row fusion-flex-align-items-flex-start fusion-flex-content-wrap\" style=\"max-width:1456px;margin-left: calc(-4% \/ 2 );margin-right: calc(-4% \/ 2 );\"><div class=\"fusion-layout-column fusion_builder_column fusion-builder-column-0 fusion_builder_column_1_1 1_1 fusion-flex-column\" style=\"--awb-bg-size:cover;--awb-width-large:100%;--awb-margin-top-large:0px;--awb-spacing-right-large:1.92%;--awb-margin-bottom-large:20px;--awb-spacing-left-large:1.92%;--awb-width-medium:100%;--awb-order-medium:0;--awb-spacing-right-medium:1.92%;--awb-spacing-left-medium:1.92%;--awb-width-small:100%;--awb-order-small:0;--awb-spacing-right-small:1.92%;--awb-spacing-left-small:1.92%;\"><div class=\"fusion-column-wrapper fusion-column-has-shadow fusion-flex-justify-content-flex-start fusion-content-layout-column\"><nav class=\"fusion-breadcrumbs awb-yoast-breadcrumbs fusion-breadcrumbs-1\" style=\"--awb-breadcrumb-sep:&#039;&gt;&#039;;\" aria-label=\"Breadcrumb\"><span><span><a href=\"https:\/\/erp-recycling.org\/de-at\/\">Frontpage<\/a><\/span><\/span><\/nav><\/div><\/div><\/div><\/div><div class=\"fusion-fullwidth fullwidth-box fusion-builder-row-3 fusion-flex-container has-pattern-background has-mask-background nonhundred-percent-fullwidth non-hundred-percent-height-scrolling\" style=\"--awb-border-radius-top-left:0px;--awb-border-radius-top-right:0px;--awb-border-radius-bottom-right:0px;--awb-border-radius-bottom-left:0px;--awb-padding-bottom:12vh;--awb-flex-wrap:wrap;\" ><div class=\"fusion-builder-row fusion-row fusion-flex-align-items-flex-start fusion-flex-content-wrap\" style=\"max-width:1456px;margin-left: calc(-4% \/ 2 );margin-right: calc(-4% \/ 2 );\"><div class=\"fusion-layout-column fusion_builder_column fusion-builder-column-1 fusion_builder_column_3_4 3_4 fusion-flex-column links-underline\" style=\"--awb-bg-size:cover;--awb-width-large:75%;--awb-margin-top-large:0px;--awb-spacing-right-large:2.56%;--awb-margin-bottom-large:20px;--awb-spacing-left-large:2.56%;--awb-width-medium:100%;--awb-order-medium:0;--awb-spacing-right-medium:1.92%;--awb-spacing-left-medium:1.92%;--awb-width-small:100%;--awb-order-small:0;--awb-spacing-right-small:1.92%;--awb-spacing-left-small:1.92%;\"><div class=\"fusion-column-wrapper fusion-column-has-shadow fusion-flex-justify-content-flex-start fusion-content-layout-column\"><div class=\"fusion-title title fusion-title-1 fusion-title-text fusion-title-size-one\" style=\"--awb-margin-top-small:0px;--awb-margin-bottom-small:20px;\"><div class=\"title-sep-container title-sep-container-left fusion-no-large-visibility fusion-no-medium-visibility fusion-no-small-visibility\"><div class=\"title-sep sep- sep-solid\" style=\"border-color:var(--awb-color3);\"><\/div><\/div><span class=\"awb-title-spacer fusion-no-large-visibility fusion-no-medium-visibility fusion-no-small-visibility\"><\/span><h1 class=\"fusion-title-heading title-heading-left fusion-responsive-typography-calculated\" style=\"margin:0;text-transform:none;--fontSize:100;line-height:1.2;\">Position Papers<\/h1><span class=\"awb-title-spacer\"><\/span><div class=\"title-sep-container title-sep-container-right\"><div class=\"title-sep sep- sep-solid\" style=\"border-color:var(--awb-color3);\"><\/div><\/div><\/div><div class=\"fusion-text fusion-text-1\"><p><strong>Studies<br \/><\/strong><a href=\"https:\/\/erp-recycling.org\/wp-content\/uploads\/sites\/57\/2021\/07\/adelphi_study_Analysis_of_EPR_Schemes_July_2021.pdf\">Study comparing EPR schemes (July 2021)<\/a><\/p>\n<p><strong>Sum<\/strong><strong>mary Papers<br \/><\/strong><a href=\"https:\/\/erp-recycling.org\/wp-content\/uploads\/sites\/57\/2019\/07\/ERP-Open-Scope-Summary-for-Producers.pdf\">ERP Open Scope Summary for Producers (July 2019)<\/a><\/p>\n<p><strong>White Paper<br \/><\/strong><a href=\"https:\/\/erp-recycling.org\/wp-content\/uploads\/sites\/57\/2019\/09\/Landbell-Group-White-Paper-September-2019-final.pdf\">Landbell Group Paper Transitioning Europe towards a Circular Economy (September 2019)<\/a><\/p>\n<p><strong>Position Papers<br \/><\/strong><a href=\"https:\/\/erp-recycling.org\/wp-content\/uploads\/sites\/57\/2022\/11\/ERP-Comments-Evaluation-EU-Rules-WEEE-Nov-22.pdf\" target=\"_blank\" rel=\"noopener\">ERP Comments on the\u00a0Evaluation of the EU Rules on WEEE (November 2022)<\/a><br \/><a href=\"https:\/\/erp-recycling.org\/wp-content\/uploads\/sites\/57\/2022\/07\/20220621_ERP_PPWD_Input-Paper.pdf\" target=\"_blank\" rel=\"noopener\">ERP Position Paper on the Planned Revision of the Packaging and Waste Packaging Waste Directive (June 2022)<\/a><br \/><a href=\"https:\/\/erp-recycling.org\/wp-content\/uploads\/sites\/57\/2022\/02\/ERP_position_paper_planned_revision_EU_waste_framework_directive.pdf\" target=\"_blank\" rel=\"noopener\">ERP Position Paper on the Planned Revision of the EU Waste Framework Directive (February 2022)<\/a><br \/><a href=\"https:\/\/erp-recycling.org\/wp-content\/uploads\/sites\/57\/2022\/02\/Joint-industry-position-Paper-Deposit-Return-System-for-portable-Batteries.pdf\" target=\"_blank\" rel=\"noopener\">Joint Position Paper on Deposit Refund Schemes for Batteries (February 2022)<\/a><br \/><a href=\"https:\/\/erp-recycling.org\/wp-content\/uploads\/sites\/57\/2021\/07\/ERP_Comments_Eunomia-Study_210708.pdf\">ERP Position Paper on Eunomia Impact Assessment for Packaging and Packaging Waste Directive (July 2021)<\/a><br \/><a href=\"https:\/\/erp-recycling.org\/wp-content\/uploads\/sites\/57\/2021\/03\/ERP-Comments-Batteries-Regulation-March-21.pdf\">ERP Position Paper on European Commission\u2019s Proposal for Regulation concerning batteries and waste batteries (March 2021)<\/a><br \/><a href=\"https:\/\/erp-recycling.org\/wp-content\/uploads\/sites\/57\/2020\/08\/ERP-Inception-Impact-Assessment-POP-Update-Concentration-limit-values-July-2020.pdf\">ERP Position Paper on the Review of Concentration Limits for Persistent Organic Pollutants Regulation (July 2020)<\/a><strong><br \/><\/strong><a href=\"https:\/\/erp-recycling.org\/wp-content\/uploads\/sites\/57\/2020\/07\/ERP-Comments-Revision-of-Batteries-Directive-June-2020.pdf\">ERP Comments on the Planned Modernisation of the EU\u2019s Batteries Legislation (June 2020)<\/a><br \/><a href=\"https:\/\/erp-recycling.org\/wp-content\/uploads\/sites\/57\/2018\/09\/Joint-Position-Paper-Recast-POP-Regulation-DecaBDE-September-2018.pdf\" target=\"_blank\" rel=\"noopener\">Joint Position Paper on the Recast of the Persistent Organic Pollutants Regulation (September 2018)<\/a><strong><br \/><\/strong><a href=\"https:\/\/erp-recycling.org\/wp-content\/uploads\/sites\/57\/2018\/06\/ERP-Position-Paper-Guidelines-CEP.pdf\" target=\"_blank\" rel=\"noopener\">ERP Position Paper on Guidelines for the Circular Economy Package (June 2018)<\/a><strong><br \/><\/strong><a href=\"https:\/\/erp-recycling.org\/wp-content\/uploads\/sites\/57\/2018\/04\/ERP-Position-Paper-CE-Package-April-2018.pdf\" target=\"_blank\" rel=\"noopener\">ERP Position Paper on Circular Economy Package (April 2018)<\/a><strong><br \/><\/strong><a href=\"https:\/\/erp-recycling.org\/wp-content\/uploads\/sites\/57\/2018\/02\/ERP-Position-Paper-EU-Plastics-Strategy-January-2018.pdf\" target=\"_blank\" rel=\"noopener\">ERP Position Paper on EU Plastics Strategy (January 2018)<\/a><strong><br \/><\/strong><a href=\"https:\/\/erp-recycling.org\/wp-content\/uploads\/sites\/57\/2017\/12\/ERP-Updated-Position-Paper-on-Waste-Framework-Directive-in-EU-Cirular-Economy-Package.pdf\" target=\"_blank\" rel=\"noopener\">ERP Updated Position Paper on Waste Framework Directive as part of EU Circular Economy Package (December 2017)<\/a><br \/><strong><br \/>Discussion Papers and Initial Proposals<br \/><\/strong><a href=\"https:\/\/erp-recycling.org\/wp-content\/uploads\/sites\/57\/2020\/01\/ERP-comments-on-Eunomia-draft-paper-EPR-guidance-January-2020.pdf\">ERP comments on the Eunomia Draft Report on EPR Guidance (January 2020)<\/a><strong><br \/><\/strong><a href=\"https:\/\/erp-recycling.org\/wp-content\/uploads\/sites\/57\/2018\/06\/ERP-Background-Paper-Modulated-Fees-June-2018.pdf\" target=\"_blank\" rel=\"noopener\">ERP Discussion Paper on Modulated Fees (June 2018)<\/a><br \/><a href=\"https:\/\/erp-recycling.org\/wp-content\/uploads\/sites\/57\/2017\/11\/ERP-Circular-Economy-Roles-and-Responsibilities.pdf\">ERP Initial Proposal on Circular Economy Roles and Responsibilities (July 2017)<\/a><\/p>\n<p><strong>Contribution Papers<br \/><\/strong><a href=\"https:\/\/erp-recycling.org\/wp-content\/uploads\/sites\/57\/2021\/01\/ERP-Comments-FCM-Review-January-21.pdf\">ERP Contribution to Stakeholder Consultation on Revision of EU rules on food contact materials (January 2021)<\/a><strong><br \/><\/strong><a href=\"https:\/\/erp-recycling.org\/wp-content\/uploads\/sites\/57\/2020\/04\/ERP-Contribution-Waste-Shipment-Regulation-April-2020.pdf\">ERP Contribution to Stakeholder Consultation on Waste Shipment Regulation (April 2020)<\/a><strong><br \/><\/strong><a href=\"https:\/\/erp-recycling.org\/wp-content\/uploads\/sites\/57\/2017\/12\/ERP-Contribution-to-Stakeholder-Consultation-on-EU-Battery-Directive.pdf\">ERP Contribution to Stakeholder Consultation on EU Battery Directive (November 2017)<\/a><strong><br \/><\/strong><a href=\"https:\/\/erp-recycling.org\/wp-content\/uploads\/sites\/57\/2017\/11\/ERP-Comments-on-Harmonized-WEEE-Registration-and-Reporting.pdf\">ERP Comments on Draft Commission Regulation for Harmonized WEEE Registration and Reporting (September 2017)<\/a><strong><br \/><\/strong><a href=\"https:\/\/erp-recycling.org\/wp-content\/uploads\/sites\/57\/2017\/11\/ERP-Contribution-to-Stakeholder-Consultation-on-Plastics-Strategy.pdf\">ERP Contribution to Stakeholder Consultation on Plastics Strategy (July 2017)<\/a><strong><br \/><\/strong><a href=\"https:\/\/erp-recycling.org\/wp-content\/uploads\/sites\/57\/2017\/11\/Landbell-Group-Contribution-to-Stakeholder-Consultation-on-Chemicals-Products-and-Waste-Legislation.pdf\">Landbell Group Contribution to Stakeholder Consultation on Chemical Products and Waste Legislation (July 2017)<\/a><\/p>\n<\/div><div class=\"fusion-menu-anchor\" id=\"useful-links\"><\/div><div class=\"fusion-title title fusion-title-2 fusion-title-text fusion-title-size-two point small\" style=\"--awb-margin-top:12vh;--awb-margin-top-small:0px;--awb-margin-bottom-small:20px;\"><div class=\"title-sep-container title-sep-container-left fusion-no-large-visibility fusion-no-medium-visibility fusion-no-small-visibility\"><div class=\"title-sep sep- sep-solid\" style=\"border-color:var(--awb-color3);\"><\/div><\/div><span class=\"awb-title-spacer fusion-no-large-visibility fusion-no-medium-visibility fusion-no-small-visibility\"><\/span><h2 class=\"fusion-title-heading title-heading-left fusion-responsive-typography-calculated\" style=\"margin:0;text-transform:capitalize;--fontSize:50;line-height:1.2;\">N\u00fctzliche Links<\/h2><span class=\"awb-title-spacer\"><\/span><div class=\"title-sep-container title-sep-container-right\"><div class=\"title-sep sep- sep-solid\" style=\"border-color:var(--awb-color3);\"><\/div><\/div><\/div><div class=\"fusion-text fusion-text-2\"><p>Stay up to date and get inspired<\/p>\n<p><strong style=\"color: #ff0000;\">The Landbell Group<\/strong><br \/>\nDer f\u00fchrende Anbieter von Service und Beratung f\u00fcr globale Umwelt- und Chemikalienkonformit\u00e4t.<\/p>\n<p><a href=\"http:\/\/www.landbell-group.com\/\" target=\"_blank\" rel=\"nofollow noopener\">www.landbell-group.com<\/a><\/p>\n<p><strong style=\"color: #ff0000;\">EPR Info<br \/>\n<\/strong>Als Verk\u00e4ufer auf einem Marktplatz m\u00fcssen Sie die EPR-Registrierungsnummer(n) erhalten, um die Einhaltung der EPR-Anforderungen nachzuweisen. Wir f\u00fchren Sie durch den Prozess<\/p>\n<p><a href=\"https:\/\/epr-info.com\/\" target=\"_blank\" rel=\"nofollow noopener\">www.epr-info.com\/<\/a><\/p>\n<p><strong style=\"color: #ff0000;\">Click and Comply<br \/>\n<\/strong>Der Landbell Deutschland Click and Comply Shop bietet Registrierung, Lizensierung, Reporting und Verpackungsoptimierung \u00fcber ein Online-Portal, das Ihnen die elektronische Vertragserstellung und Bezahlung erm\u00f6glicht.<\/p>\n<p><a href=\"https:\/\/click-and-comply.com\/\" target=\"_blank\" rel=\"nofollow noopener\">https:\/\/click-and-comply.com\/<\/a><\/p>\n<p><strong style=\"color: #ff0000;\">H2 Compliance<\/strong><br \/>\nH2 Compliance bietet Dienstleistungen im Bereich der chemischen und umweltrechtlichen Nachhaltigkeit, die die Einhaltung von Vorschriften, den Marktzugang und die Erzielung von Wettbewerbsvorteilen auf dem Markt unterst\u00fctzen.<\/p>\n<p><a href=\"http:\/\/www.h2compliance.com\/\" target=\"_blank\" rel=\"nofollow noopener\">www.h2compliance.com<\/a><\/p>\n<p><strong style=\"color: #ff0000;\">Prodigentia<\/strong><br \/>\nWe develop solutions for our clients in more than 15 countries. Meet the right tool for you.<\/p>\n<p><a href=\"http:\/\/www.prodigentia.com\/\" target=\"_blank\" rel=\"nofollow noopener\">www.prodigentia.com<\/a><\/p>\n<p><strong style=\"color: #ff0000;\">Landbell Deutschland<\/strong><\/p>\n<p><a href=\"http:\/\/www.landbell.de\/\" target=\"_blank\" rel=\"nofollow noopener\">www.landbell.de<\/a><\/p>\n<p><strong style=\"color: #ff0000;\">Landbell DE Shop<\/strong><\/p>\n<p><a href=\"http:\/\/shop.landbell.de\/en\/\" target=\"_blank\" rel=\"nofollow noopener\">shop.landbell.de\/en<\/a><\/p>\n<p><strong style=\"color: #ff0000;\">Landbell Software, S.A.<br \/>\n<\/strong>Wir entwickeln L\u00f6sungen f\u00fcr unsere Kunden in mehr als 15 L\u00e4ndern. Hier finden Sie das richtige Tool f\u00fcr Sie.<br \/>\n<a href=\"https:\/\/landbell-software.com\/\" target=\"_blank\" rel=\"nofollow noopener\">https:\/\/landbell-software.com\/ <\/a><\/p>\n<p><strong style=\"color: #ff0000;\">Green Alley Award<br \/>\n<\/strong>Europas erster Start-up-Wettbewerb, der sich auf die Kreislaufwirtschaft konzentriert<br \/>\n<a href=\"http:\/\/green-alley-award.com\/\" target=\"_blank\" rel=\"nofollow noopener\">green-alley-award.com<\/a><\/p>\n<p><strong style=\"color: #ff0000;\">Environment Agency<br \/>\n<\/strong>For latest changes and updates to legislation<\/p>\n<p><a href=\"http:\/\/www.environment-agency.gov.uk\/\" target=\"_blank\" rel=\"nofollow noopener\">www.environment-agency.gov.uk<\/a><\/p>\n<p><strong style=\"color: #ff0000;\">DEFRA<br \/>\n<\/strong>For latest changes and updates to legislation<\/p>\n<p><a href=\"http:\/\/www.defra.gov.uk\/\" target=\"_blank\" rel=\"nofollow noopener\">www.defra.gov.uk<\/a><\/p>\n<p><strong style=\"color: #ff0000;\">Recycle Now<\/strong><br \/>\nAdvice for consumers on recycling and where to find your nearest recycling centre<\/p>\n<p><a href=\"https:\/\/www.recyclenow.com\/\" target=\"_blank\" rel=\"nofollow noopener\">www.recyclenow.com<\/a><\/p>\n<p><strong style=\"color: #ff0000;\">10:10<\/strong><br \/>\nClimate change action group<\/p>\n<p><a href=\"https:\/\/1010uk.org\/\" target=\"_blank\" rel=\"nofollow noopener\">1010uk.org<\/a><\/p>\n<\/div><\/div><\/div><\/div><\/div><div class=\"fusion-fullwidth fullwidth-box fusion-builder-row-4 fusion-flex-container has-pattern-background has-mask-background nonhundred-percent-fullwidth non-hundred-percent-height-scrolling fusion-custom-z-index fusion-absolute-container fusion-absolute-position-small fusion-absolute-position-medium fusion-absolute-position-large\" style=\"--awb-border-radius-top-left:0px;--awb-border-radius-top-right:0px;--awb-border-radius-bottom-right:0px;--awb-border-radius-bottom-left:0px;--awb-z-index:999;--awb-flex-wrap:wrap;\" ><div class=\"fusion-builder-row fusion-row fusion-flex-align-items-flex-start fusion-flex-justify-content-flex-end fusion-flex-content-wrap\" style=\"max-width:1456px;margin-left: calc(-4% \/ 2 );margin-right: calc(-4% \/ 2 );\"><div class=\"fusion-layout-column fusion_builder_column fusion-builder-column-2 fusion_builder_column_1_4 1_4 fusion-flex-column\" style=\"--awb-bg-size:cover;--awb-width-large:25%;--awb-margin-top-large:0px;--awb-spacing-right-large:7.68%;--awb-margin-bottom-large:20px;--awb-spacing-left-large:7.68%;--awb-width-medium:100%;--awb-order-medium:0;--awb-spacing-right-medium:1.92%;--awb-spacing-left-medium:1.92%;--awb-width-small:100%;--awb-order-small:0;--awb-spacing-right-small:1.92%;--awb-spacing-left-small:1.92%;\"><div class=\"fusion-column-wrapper fusion-column-has-shadow fusion-flex-justify-content-flex-start fusion-content-layout-column\"><\/div><\/div><\/div><\/div>\n<\/p>\n","protected":false},"excerpt":{"rendered":"","protected":false},"author":1,"featured_media":7018,"parent":0,"menu_order":0,"comment_status":"closed","ping_status":"closed","template":"100-width.php","meta":{"_acf_changed":false,"_monsterinsights_skip_tracking":false,"_monsterinsights_sitenote_active":false,"_monsterinsights_sitenote_note":"","_monsterinsights_sitenote_category":0,"footnotes":""},"class_list":["post-5440","page","type-page","status-publish","has-post-thumbnail","hentry"],"acf":[],"yoast_head":"<!-- This site is optimized with the Yoast SEO plugin v27.2 - https:\/\/yoast.com\/product\/yoast-seo-wordpress\/ -->\n<title>Position Papers - Austria (DE)<\/title>\n<meta name=\"robots\" content=\"index, follow, max-snippet:-1, max-image-preview:large, max-video-preview:-1\" \/>\n<link rel=\"canonical\" href=\"https:\/\/erp-recycling.org\/de-at\/position-papers\/\" \/>\n<meta property=\"og:locale\" content=\"de_DE\" \/>\n<meta property=\"og:type\" content=\"article\" \/>\n<meta property=\"og:title\" content=\"Position Papers - Austria (DE)\" \/>\n<meta property=\"og:url\" content=\"https:\/\/erp-recycling.org\/de-at\/position-papers\/\" \/>\n<meta property=\"og:site_name\" content=\"Austria (DE)\" \/>\n<meta property=\"article:modified_time\" content=\"2022-12-13T11:20:59+00:00\" \/>\n<meta property=\"og:image\" content=\"https:\/\/erp-recycling.org\/de-at\/wp-content\/uploads\/sites\/57\/2022\/12\/ERP-Global-Position-Papers-Header.jpg\" \/>\n\t<meta property=\"og:image:width\" content=\"1800\" \/>\n\t<meta property=\"og:image:height\" content=\"1200\" \/>\n\t<meta property=\"og:image:type\" content=\"image\/jpeg\" \/>\n<meta name=\"twitter:card\" content=\"summary_large_image\" \/>\n<meta name=\"twitter:label1\" content=\"Gesch\u00e4tzte Lesezeit\" \/>\n\t<meta name=\"twitter:data1\" content=\"5\u00a0Minuten\" \/>\n<script type=\"application\/ld+json\" class=\"yoast-schema-graph\">{\"@context\":\"https:\/\/schema.org\",\"@graph\":[{\"@type\":\"WebPage\",\"@id\":\"https:\/\/erp-recycling.org\/de-at\/position-papers\/\",\"url\":\"https:\/\/erp-recycling.org\/de-at\/position-papers\/\",\"name\":\"Position Papers - Austria (DE)\",\"isPartOf\":{\"@id\":\"https:\/\/erp-recycling.org\/de-at\/#website\"},\"primaryImageOfPage\":{\"@id\":\"https:\/\/erp-recycling.org\/de-at\/position-papers\/#primaryimage\"},\"image\":{\"@id\":\"https:\/\/erp-recycling.org\/de-at\/position-papers\/#primaryimage\"},\"thumbnailUrl\":\"https:\/\/erp-recycling.org\/de-at\/wp-content\/uploads\/sites\/57\/2022\/12\/ERP-Global-Position-Papers-Header.jpg\",\"datePublished\":\"2022-10-18T14:05:28+00:00\",\"dateModified\":\"2022-12-13T11:20:59+00:00\",\"breadcrumb\":{\"@id\":\"https:\/\/erp-recycling.org\/de-at\/position-papers\/#breadcrumb\"},\"inLanguage\":\"de\",\"potentialAction\":[{\"@type\":\"ReadAction\",\"target\":[\"https:\/\/erp-recycling.org\/de-at\/position-papers\/\"]}]},{\"@type\":\"ImageObject\",\"inLanguage\":\"de\",\"@id\":\"https:\/\/erp-recycling.org\/de-at\/position-papers\/#primaryimage\",\"url\":\"https:\/\/erp-recycling.org\/de-at\/wp-content\/uploads\/sites\/57\/2022\/12\/ERP-Global-Position-Papers-Header.jpg\",\"contentUrl\":\"https:\/\/erp-recycling.org\/de-at\/wp-content\/uploads\/sites\/57\/2022\/12\/ERP-Global-Position-Papers-Header.jpg\",\"width\":1800,\"height\":1200,\"caption\":\"ERP Position Papers Header\"},{\"@type\":\"BreadcrumbList\",\"@id\":\"https:\/\/erp-recycling.org\/de-at\/position-papers\/#breadcrumb\",\"itemListElement\":[{\"@type\":\"ListItem\",\"position\":1,\"name\":\"Frontpage\",\"item\":\"https:\/\/erp-recycling.org\/de-at\/\"},{\"@type\":\"ListItem\",\"position\":2,\"name\":\"Position Papers\"}]},{\"@type\":\"WebSite\",\"@id\":\"https:\/\/erp-recycling.org\/de-at\/#website\",\"url\":\"https:\/\/erp-recycling.org\/de-at\/\",\"name\":\"Austria (DE)\",\"description\":\"A company of the Landbell Group\",\"potentialAction\":[{\"@type\":\"SearchAction\",\"target\":{\"@type\":\"EntryPoint\",\"urlTemplate\":\"https:\/\/erp-recycling.org\/de-at\/?s={search_term_string}\"},\"query-input\":{\"@type\":\"PropertyValueSpecification\",\"valueRequired\":true,\"valueName\":\"search_term_string\"}}],\"inLanguage\":\"de\"}]}<\/script>\n<!-- \/ Yoast SEO plugin. -->","yoast_head_json":{"title":"Position Papers - Austria (DE)","robots":{"index":"index","follow":"follow","max-snippet":"max-snippet:-1","max-image-preview":"max-image-preview:large","max-video-preview":"max-video-preview:-1"},"canonical":"https:\/\/erp-recycling.org\/de-at\/position-papers\/","og_locale":"de_DE","og_type":"article","og_title":"Position Papers - Austria (DE)","og_url":"https:\/\/erp-recycling.org\/de-at\/position-papers\/","og_site_name":"Austria (DE)","article_modified_time":"2022-12-13T11:20:59+00:00","og_image":[{"width":1800,"height":1200,"url":"https:\/\/erp-recycling.org\/de-at\/wp-content\/uploads\/sites\/57\/2022\/12\/ERP-Global-Position-Papers-Header.jpg","type":"image\/jpeg"}],"twitter_card":"summary_large_image","twitter_misc":{"Gesch\u00e4tzte Lesezeit":"5\u00a0Minuten"},"schema":{"@context":"https:\/\/schema.org","@graph":[{"@type":"WebPage","@id":"https:\/\/erp-recycling.org\/de-at\/position-papers\/","url":"https:\/\/erp-recycling.org\/de-at\/position-papers\/","name":"Position Papers - Austria (DE)","isPartOf":{"@id":"https:\/\/erp-recycling.org\/de-at\/#website"},"primaryImageOfPage":{"@id":"https:\/\/erp-recycling.org\/de-at\/position-papers\/#primaryimage"},"image":{"@id":"https:\/\/erp-recycling.org\/de-at\/position-papers\/#primaryimage"},"thumbnailUrl":"https:\/\/erp-recycling.org\/de-at\/wp-content\/uploads\/sites\/57\/2022\/12\/ERP-Global-Position-Papers-Header.jpg","datePublished":"2022-10-18T14:05:28+00:00","dateModified":"2022-12-13T11:20:59+00:00","breadcrumb":{"@id":"https:\/\/erp-recycling.org\/de-at\/position-papers\/#breadcrumb"},"inLanguage":"de","potentialAction":[{"@type":"ReadAction","target":["https:\/\/erp-recycling.org\/de-at\/position-papers\/"]}]},{"@type":"ImageObject","inLanguage":"de","@id":"https:\/\/erp-recycling.org\/de-at\/position-papers\/#primaryimage","url":"https:\/\/erp-recycling.org\/de-at\/wp-content\/uploads\/sites\/57\/2022\/12\/ERP-Global-Position-Papers-Header.jpg","contentUrl":"https:\/\/erp-recycling.org\/de-at\/wp-content\/uploads\/sites\/57\/2022\/12\/ERP-Global-Position-Papers-Header.jpg","width":1800,"height":1200,"caption":"ERP Position Papers Header"},{"@type":"BreadcrumbList","@id":"https:\/\/erp-recycling.org\/de-at\/position-papers\/#breadcrumb","itemListElement":[{"@type":"ListItem","position":1,"name":"Frontpage","item":"https:\/\/erp-recycling.org\/de-at\/"},{"@type":"ListItem","position":2,"name":"Position Papers"}]},{"@type":"WebSite","@id":"https:\/\/erp-recycling.org\/de-at\/#website","url":"https:\/\/erp-recycling.org\/de-at\/","name":"Austria (DE)","description":"A company of the Landbell Group","potentialAction":[{"@type":"SearchAction","target":{"@type":"EntryPoint","urlTemplate":"https:\/\/erp-recycling.org\/de-at\/?s={search_term_string}"},"query-input":{"@type":"PropertyValueSpecification","valueRequired":true,"valueName":"search_term_string"}}],"inLanguage":"de"}]}},"_links":{"self":[{"href":"https:\/\/erp-recycling.org\/de-at\/wp-json\/wp\/v2\/pages\/5440","targetHints":{"allow":["GET"]}}],"collection":[{"href":"https:\/\/erp-recycling.org\/de-at\/wp-json\/wp\/v2\/pages"}],"about":[{"href":"https:\/\/erp-recycling.org\/de-at\/wp-json\/wp\/v2\/types\/page"}],"author":[{"embeddable":true,"href":"https:\/\/erp-recycling.org\/de-at\/wp-json\/wp\/v2\/users\/1"}],"replies":[{"embeddable":true,"href":"https:\/\/erp-recycling.org\/de-at\/wp-json\/wp\/v2\/comments?post=5440"}],"version-history":[{"count":22,"href":"https:\/\/erp-recycling.org\/de-at\/wp-json\/wp\/v2\/pages\/5440\/revisions"}],"predecessor-version":[{"id":8752,"href":"https:\/\/erp-recycling.org\/de-at\/wp-json\/wp\/v2\/pages\/5440\/revisions\/8752"}],"wp:featuredmedia":[{"embeddable":true,"href":"https:\/\/erp-recycling.org\/de-at\/wp-json\/wp\/v2\/media\/7018"}],"wp:attachment":[{"href":"https:\/\/erp-recycling.org\/de-at\/wp-json\/wp\/v2\/media?parent=5440"}],"curies":[{"name":"wp","href":"https:\/\/api.w.org\/{rel}","templated":true}]}}