{"id":8760,"date":"2022-12-13T12:36:49","date_gmt":"2022-12-13T11:36:49","guid":{"rendered":"https:\/\/erp-recycling.org\/de-at\/?page_id=8760"},"modified":"2022-12-13T12:37:22","modified_gmt":"2022-12-13T11:37:22","slug":"bevollmaechtigten-service","status":"publish","type":"page","link":"https:\/\/erp-recycling.org\/de-at\/bevollmaechtigten-service\/","title":{"rendered":"Bevollm\u00e4chtigten-Service"},"content":{"rendered":"<p><div class=\"fusion-fullwidth fullwidth-box fusion-builder-row-1 fusion-flex-container has-pattern-background has-mask-background fusion-parallax-none nonhundred-percent-fullwidth non-hundred-percent-height-scrolling page-hero\" style=\"--awb-border-radius-top-left:0px;--awb-border-radius-top-right:0px;--awb-border-radius-bottom-right:0px;--awb-border-radius-bottom-left:0px;--awb-padding-top:12vh;--awb-padding-bottom:12vh;--awb-margin-top:0px;--awb-margin-bottom:0px;--awb-background-color:var(--awb-color7);--awb-background-image:url(&quot;https:\/\/erp-recycling.org\/de-at\/wp-content\/uploads\/sites\/57\/2022\/12\/ERP-Global-Who-are-you-woman.jpg&quot;);--awb-background-size:cover;--awb-flex-wrap:wrap;\" ><div class=\"fusion-builder-row fusion-row fusion-flex-align-items-flex-start fusion-flex-content-wrap\" style=\"max-width:1456px;margin-left: calc(-4% \/ 2 );margin-right: calc(-4% \/ 2 );\"><div class=\"fusion-layout-column fusion_builder_column fusion-builder-column-0 fusion_builder_column_1_2 1_2 fusion-flex-column\" style=\"--awb-bg-size:cover;--awb-width-large:50%;--awb-margin-top-large:0px;--awb-spacing-right-large:3.84%;--awb-margin-bottom-large:20px;--awb-spacing-left-large:3.84%;--awb-width-medium:100%;--awb-order-medium:0;--awb-spacing-right-medium:1.92%;--awb-spacing-left-medium:1.92%;--awb-width-small:100%;--awb-order-small:0;--awb-spacing-right-small:1.92%;--awb-spacing-left-small:1.92%;\"><div class=\"fusion-column-wrapper fusion-column-has-shadow fusion-flex-justify-content-flex-start fusion-content-layout-column\"><div class=\"fusion-title title fusion-title-1 fusion-title-text fusion-title-size-one\" style=\"--awb-text-color:var(--awb-color1);--awb-margin-top-small:0px;--awb-margin-bottom-small:20px;\"><div class=\"title-sep-container title-sep-container-left fusion-no-large-visibility fusion-no-medium-visibility fusion-no-small-visibility\"><div class=\"title-sep sep- sep-solid\" style=\"border-color:var(--awb-color3);\"><\/div><\/div><span class=\"awb-title-spacer fusion-no-large-visibility fusion-no-medium-visibility fusion-no-small-visibility\"><\/span><h1 class=\"fusion-title-heading title-heading-left fusion-responsive-typography-calculated\" style=\"margin:0;text-transform:capitalize;--fontSize:100;line-height:1.2;\">Bevollm\u00e4chtigten-Service<\/h1><span class=\"awb-title-spacer\"><\/span><div class=\"title-sep-container title-sep-container-right\"><div class=\"title-sep sep- sep-solid\" style=\"border-color:var(--awb-color3);\"><\/div><\/div><\/div><\/div><\/div><\/div><\/div><div class=\"fusion-fullwidth fullwidth-box fusion-builder-row-2 fusion-flex-container has-pattern-background has-mask-background nonhundred-percent-fullwidth non-hundred-percent-height-scrolling\" style=\"--awb-border-radius-top-left:0px;--awb-border-radius-top-right:0px;--awb-border-radius-bottom-right:0px;--awb-border-radius-bottom-left:0px;--awb-padding-top:40px;--awb-background-color:rgba(244,244,244,0.35);--awb-flex-wrap:wrap;\" ><div class=\"fusion-builder-row fusion-row fusion-flex-align-items-flex-start fusion-flex-content-wrap\" style=\"max-width:1456px;margin-left: calc(-4% \/ 2 );margin-right: calc(-4% \/ 2 );\"><div class=\"fusion-layout-column fusion_builder_column fusion-builder-column-1 fusion_builder_column_1_1 1_1 fusion-flex-column\" style=\"--awb-bg-size:cover;--awb-width-large:100%;--awb-margin-top-large:0px;--awb-spacing-right-large:1.92%;--awb-margin-bottom-large:20px;--awb-spacing-left-large:1.92%;--awb-width-medium:100%;--awb-order-medium:0;--awb-spacing-right-medium:1.92%;--awb-spacing-left-medium:1.92%;--awb-width-small:100%;--awb-order-small:0;--awb-spacing-right-small:1.92%;--awb-spacing-left-small:1.92%;\"><div class=\"fusion-column-wrapper fusion-column-has-shadow fusion-flex-justify-content-flex-start fusion-content-layout-column\"><nav class=\"fusion-breadcrumbs awb-yoast-breadcrumbs fusion-breadcrumbs-1\" style=\"--awb-breadcrumb-sep:&#039;&gt;&#039;;\" aria-label=\"Breadcrumb\"><span><span><a href=\"https:\/\/erp-recycling.org\/de-at\/\">Frontpage<\/a><\/span><\/span><\/nav><\/div><\/div><\/div><\/div><div class=\"fusion-fullwidth fullwidth-box fusion-builder-row-3 fusion-flex-container has-pattern-background has-mask-background nonhundred-percent-fullwidth non-hundred-percent-height-scrolling\" style=\"--awb-border-radius-top-left:0px;--awb-border-radius-top-right:0px;--awb-border-radius-bottom-right:0px;--awb-border-radius-bottom-left:0px;--awb-padding-top:12vh;--awb-padding-top-small:30px;--awb-background-color:rgba(244,244,244,0.35);--awb-flex-wrap:wrap;\" ><div class=\"fusion-builder-row fusion-row fusion-flex-align-items-flex-start fusion-flex-content-wrap\" style=\"max-width:1456px;margin-left: calc(-4% \/ 2 );margin-right: calc(-4% \/ 2 );\"><div class=\"fusion-layout-column fusion_builder_column fusion-builder-column-2 fusion_builder_column_2_3 2_3 fusion-flex-column\" style=\"--awb-bg-size:cover;--awb-width-large:66.666666666667%;--awb-margin-top-large:0px;--awb-spacing-right-large:2.88%;--awb-margin-bottom-large:12vh;--awb-spacing-left-large:2.88%;--awb-width-medium:100%;--awb-order-medium:0;--awb-spacing-right-medium:1.92%;--awb-spacing-left-medium:1.92%;--awb-width-small:100%;--awb-order-small:0;--awb-spacing-right-small:1.92%;--awb-spacing-left-small:1.92%;\"><div class=\"fusion-column-wrapper fusion-column-has-shadow fusion-flex-justify-content-flex-start fusion-content-layout-column\"><div class=\"fusion-title title fusion-title-2 fusion-title-text fusion-title-size-two\" style=\"--awb-margin-top-small:0px;--awb-margin-bottom-small:20px;\"><div class=\"title-sep-container title-sep-container-left fusion-no-large-visibility fusion-no-medium-visibility fusion-no-small-visibility\"><div class=\"title-sep sep- sep-solid\" style=\"border-color:var(--awb-color3);\"><\/div><\/div><span class=\"awb-title-spacer fusion-no-large-visibility fusion-no-medium-visibility fusion-no-small-visibility\"><\/span><h2 class=\"fusion-title-heading title-heading-left fusion-responsive-typography-calculated\" style=\"margin:0;text-transform:none;--fontSize:50;line-height:1.2;\">Bevollm\u00e4chtigten-Service<\/h2><span class=\"awb-title-spacer\"><\/span><div class=\"title-sep-container title-sep-container-right\"><div class=\"title-sep sep- sep-solid\" style=\"border-color:var(--awb-color3);\"><\/div><\/div><\/div><div class=\"fusion-text fusion-text-1\"><p>Wenn Sie als registrierungspflichtiger Hersteller keine Niederlassung in Deutschland haben, m\u00fcssen Sie einen Bevollm\u00e4chtigten benennen, der f\u00fcr die Erf\u00fcllung Ihrer gesetzlichen Pflichten als Hersteller in Deutschland verantwortlich ist und an Ihrer Stelle die notwendigen Registrierungen beantragt.<\/p>\n<p>ERP Deutschland als Ihr Bevollm\u00e4chtigter wird in Ihrem Namen mit der stiftung ear kommunizieren, die Verantwortung f\u00fcr die Meldungen \u00fcbernehmen, die Registrierungskosten vorausbezahlen und \u00fcberpr\u00fcfen und Sie \u00fcber Ihre WEEE-Pflichten informieren.<\/p>\n<\/div><\/div><\/div><div class=\"fusion-layout-column fusion_builder_column fusion-builder-column-3 fusion_builder_column_1_3 1_3 fusion-flex-column fusion-flex-align-self-stretch\" style=\"--awb-bg-position:left bottom;--awb-bg-size:cover;--awb-width-large:33.333333333333%;--awb-margin-top-large:0px;--awb-spacing-right-large:0%;--awb-margin-bottom-large:0px;--awb-spacing-left-large:5.76%;--awb-width-medium:100%;--awb-order-medium:0;--awb-spacing-right-medium:1.92%;--awb-spacing-left-medium:1.92%;--awb-width-small:100%;--awb-order-small:0;--awb-spacing-right-small:1.92%;--awb-spacing-left-small:1.92%;\"><div class=\"fusion-column-wrapper fusion-column-has-shadow fusion-flex-justify-content-flex-end fusion-content-layout-column\"><div class=\"fusion-image-element \" style=\"text-align:left;--awb-caption-title-font-family:var(--h2_typography-font-family);--awb-caption-title-font-weight:var(--h2_typography-font-weight);--awb-caption-title-font-style:var(--h2_typography-font-style);--awb-caption-title-size:var(--h2_typography-font-size);--awb-caption-title-transform:var(--h2_typography-text-transform);--awb-caption-title-line-height:var(--h2_typography-line-height);--awb-caption-title-letter-spacing:var(--h2_typography-letter-spacing);\"><span class=\" fusion-imageframe imageframe-none imageframe-1 hover-type-none img-contain\"><img loading=\"lazy\" decoding=\"async\" width=\"300\" height=\"169\" alt=\"ERP Recycling Image\" title=\"ERP Recycling Image\" src=\"https:\/\/erp-recycling.org\/de-at\/wp-content\/uploads\/sites\/57\/2022\/10\/recycling-300x169.png\" class=\"img-responsive wp-image-5291\" srcset=\"https:\/\/erp-recycling.org\/de-at\/wp-content\/uploads\/sites\/57\/2022\/10\/recycling-200x113.png 200w, https:\/\/erp-recycling.org\/de-at\/wp-content\/uploads\/sites\/57\/2022\/10\/recycling-400x226.png 400w, https:\/\/erp-recycling.org\/de-at\/wp-content\/uploads\/sites\/57\/2022\/10\/recycling-600x339.png 600w, https:\/\/erp-recycling.org\/de-at\/wp-content\/uploads\/sites\/57\/2022\/10\/recycling.png 680w\" sizes=\"auto, (max-width: 1024px) 100vw, (max-width: 640px) 100vw, 600px\" \/><\/span><\/div><\/div><\/div><\/div><\/div><div class=\"fusion-fullwidth fullwidth-box fusion-builder-row-4 fusion-flex-container has-pattern-background has-mask-background nonhundred-percent-fullwidth non-hundred-percent-height-scrolling fusion-custom-z-index fusion-absolute-container fusion-absolute-position-small fusion-absolute-position-medium fusion-absolute-position-large\" style=\"--awb-border-radius-top-left:0px;--awb-border-radius-top-right:0px;--awb-border-radius-bottom-right:0px;--awb-border-radius-bottom-left:0px;--awb-z-index:999;--awb-flex-wrap:wrap;\" ><div class=\"fusion-builder-row fusion-row fusion-flex-align-items-flex-start fusion-flex-justify-content-flex-end fusion-flex-content-wrap\" style=\"max-width:1456px;margin-left: calc(-4% \/ 2 );margin-right: calc(-4% \/ 2 );\"><div class=\"fusion-layout-column fusion_builder_column fusion-builder-column-4 fusion_builder_column_1_4 1_4 fusion-flex-column\" style=\"--awb-bg-size:cover;--awb-width-large:25%;--awb-margin-top-large:0px;--awb-spacing-right-large:7.68%;--awb-margin-bottom-large:20px;--awb-spacing-left-large:7.68%;--awb-width-medium:100%;--awb-order-medium:0;--awb-spacing-right-medium:1.92%;--awb-spacing-left-medium:1.92%;--awb-width-small:100%;--awb-order-small:0;--awb-spacing-right-small:1.92%;--awb-spacing-left-small:1.92%;\"><div class=\"fusion-column-wrapper fusion-column-has-shadow fusion-flex-justify-content-flex-start fusion-content-layout-column\"><\/div><\/div><\/div><\/div>\n<\/p>\n","protected":false},"excerpt":{"rendered":"","protected":false},"author":1,"featured_media":7493,"parent":0,"menu_order":0,"comment_status":"closed","ping_status":"closed","template":"100-width.php","meta":{"_acf_changed":false,"_monsterinsights_skip_tracking":false,"_monsterinsights_sitenote_active":false,"_monsterinsights_sitenote_note":"","_monsterinsights_sitenote_category":0,"footnotes":""},"class_list":["post-8760","page","type-page","status-publish","has-post-thumbnail","hentry"],"acf":[],"yoast_head":"<!-- This site is optimized with the Yoast SEO plugin v27.2 - https:\/\/yoast.com\/product\/yoast-seo-wordpress\/ -->\n<title>Bevollm\u00e4chtigten-Service - Austria (DE)<\/title>\n<meta name=\"robots\" content=\"index, follow, max-snippet:-1, max-image-preview:large, max-video-preview:-1\" \/>\n<link rel=\"canonical\" href=\"https:\/\/erp-recycling.org\/de-at\/bevollmaechtigten-service\/\" \/>\n<meta property=\"og:locale\" content=\"de_DE\" \/>\n<meta property=\"og:type\" content=\"article\" \/>\n<meta property=\"og:title\" content=\"Bevollm\u00e4chtigten-Service - Austria (DE)\" \/>\n<meta property=\"og:url\" content=\"https:\/\/erp-recycling.org\/de-at\/bevollmaechtigten-service\/\" \/>\n<meta property=\"og:site_name\" content=\"Austria (DE)\" \/>\n<meta property=\"article:modified_time\" content=\"2022-12-13T11:37:22+00:00\" \/>\n<meta property=\"og:image\" content=\"https:\/\/erp-recycling.org\/de-at\/wp-content\/uploads\/sites\/57\/2022\/12\/ERP-Global-Who-are-you-woman.jpg\" \/>\n\t<meta property=\"og:image:width\" content=\"1800\" \/>\n\t<meta property=\"og:image:height\" content=\"905\" \/>\n\t<meta property=\"og:image:type\" content=\"image\/jpeg\" \/>\n<meta name=\"twitter:card\" content=\"summary_large_image\" \/>\n<meta name=\"twitter:label1\" content=\"Gesch\u00e4tzte Lesezeit\" \/>\n\t<meta name=\"twitter:data1\" content=\"6\u00a0Minuten\" \/>\n<script type=\"application\/ld+json\" class=\"yoast-schema-graph\">{\"@context\":\"https:\/\/schema.org\",\"@graph\":[{\"@type\":\"WebPage\",\"@id\":\"https:\/\/erp-recycling.org\/de-at\/bevollmaechtigten-service\/\",\"url\":\"https:\/\/erp-recycling.org\/de-at\/bevollmaechtigten-service\/\",\"name\":\"Bevollm\u00e4chtigten-Service - Austria (DE)\",\"isPartOf\":{\"@id\":\"https:\/\/erp-recycling.org\/de-at\/#website\"},\"primaryImageOfPage\":{\"@id\":\"https:\/\/erp-recycling.org\/de-at\/bevollmaechtigten-service\/#primaryimage\"},\"image\":{\"@id\":\"https:\/\/erp-recycling.org\/de-at\/bevollmaechtigten-service\/#primaryimage\"},\"thumbnailUrl\":\"https:\/\/erp-recycling.org\/de-at\/wp-content\/uploads\/sites\/57\/2022\/12\/ERP-Global-Who-are-you-woman.jpg\",\"datePublished\":\"2022-12-13T11:36:49+00:00\",\"dateModified\":\"2022-12-13T11:37:22+00:00\",\"breadcrumb\":{\"@id\":\"https:\/\/erp-recycling.org\/de-at\/bevollmaechtigten-service\/#breadcrumb\"},\"inLanguage\":\"de\",\"potentialAction\":[{\"@type\":\"ReadAction\",\"target\":[\"https:\/\/erp-recycling.org\/de-at\/bevollmaechtigten-service\/\"]}]},{\"@type\":\"ImageObject\",\"inLanguage\":\"de\",\"@id\":\"https:\/\/erp-recycling.org\/de-at\/bevollmaechtigten-service\/#primaryimage\",\"url\":\"https:\/\/erp-recycling.org\/de-at\/wp-content\/uploads\/sites\/57\/2022\/12\/ERP-Global-Who-are-you-woman.jpg\",\"contentUrl\":\"https:\/\/erp-recycling.org\/de-at\/wp-content\/uploads\/sites\/57\/2022\/12\/ERP-Global-Who-are-you-woman.jpg\",\"width\":1800,\"height\":905},{\"@type\":\"BreadcrumbList\",\"@id\":\"https:\/\/erp-recycling.org\/de-at\/bevollmaechtigten-service\/#breadcrumb\",\"itemListElement\":[{\"@type\":\"ListItem\",\"position\":1,\"name\":\"Frontpage\",\"item\":\"https:\/\/erp-recycling.org\/de-at\/\"},{\"@type\":\"ListItem\",\"position\":2,\"name\":\"Bevollm\u00e4chtigten-Service\"}]},{\"@type\":\"WebSite\",\"@id\":\"https:\/\/erp-recycling.org\/de-at\/#website\",\"url\":\"https:\/\/erp-recycling.org\/de-at\/\",\"name\":\"Austria (DE)\",\"description\":\"A company of the Landbell Group\",\"potentialAction\":[{\"@type\":\"SearchAction\",\"target\":{\"@type\":\"EntryPoint\",\"urlTemplate\":\"https:\/\/erp-recycling.org\/de-at\/?s={search_term_string}\"},\"query-input\":{\"@type\":\"PropertyValueSpecification\",\"valueRequired\":true,\"valueName\":\"search_term_string\"}}],\"inLanguage\":\"de\"}]}<\/script>\n<!-- \/ Yoast SEO plugin. -->","yoast_head_json":{"title":"Bevollm\u00e4chtigten-Service - Austria (DE)","robots":{"index":"index","follow":"follow","max-snippet":"max-snippet:-1","max-image-preview":"max-image-preview:large","max-video-preview":"max-video-preview:-1"},"canonical":"https:\/\/erp-recycling.org\/de-at\/bevollmaechtigten-service\/","og_locale":"de_DE","og_type":"article","og_title":"Bevollm\u00e4chtigten-Service - Austria (DE)","og_url":"https:\/\/erp-recycling.org\/de-at\/bevollmaechtigten-service\/","og_site_name":"Austria (DE)","article_modified_time":"2022-12-13T11:37:22+00:00","og_image":[{"width":1800,"height":905,"url":"https:\/\/erp-recycling.org\/de-at\/wp-content\/uploads\/sites\/57\/2022\/12\/ERP-Global-Who-are-you-woman.jpg","type":"image\/jpeg"}],"twitter_card":"summary_large_image","twitter_misc":{"Gesch\u00e4tzte Lesezeit":"6\u00a0Minuten"},"schema":{"@context":"https:\/\/schema.org","@graph":[{"@type":"WebPage","@id":"https:\/\/erp-recycling.org\/de-at\/bevollmaechtigten-service\/","url":"https:\/\/erp-recycling.org\/de-at\/bevollmaechtigten-service\/","name":"Bevollm\u00e4chtigten-Service - Austria (DE)","isPartOf":{"@id":"https:\/\/erp-recycling.org\/de-at\/#website"},"primaryImageOfPage":{"@id":"https:\/\/erp-recycling.org\/de-at\/bevollmaechtigten-service\/#primaryimage"},"image":{"@id":"https:\/\/erp-recycling.org\/de-at\/bevollmaechtigten-service\/#primaryimage"},"thumbnailUrl":"https:\/\/erp-recycling.org\/de-at\/wp-content\/uploads\/sites\/57\/2022\/12\/ERP-Global-Who-are-you-woman.jpg","datePublished":"2022-12-13T11:36:49+00:00","dateModified":"2022-12-13T11:37:22+00:00","breadcrumb":{"@id":"https:\/\/erp-recycling.org\/de-at\/bevollmaechtigten-service\/#breadcrumb"},"inLanguage":"de","potentialAction":[{"@type":"ReadAction","target":["https:\/\/erp-recycling.org\/de-at\/bevollmaechtigten-service\/"]}]},{"@type":"ImageObject","inLanguage":"de","@id":"https:\/\/erp-recycling.org\/de-at\/bevollmaechtigten-service\/#primaryimage","url":"https:\/\/erp-recycling.org\/de-at\/wp-content\/uploads\/sites\/57\/2022\/12\/ERP-Global-Who-are-you-woman.jpg","contentUrl":"https:\/\/erp-recycling.org\/de-at\/wp-content\/uploads\/sites\/57\/2022\/12\/ERP-Global-Who-are-you-woman.jpg","width":1800,"height":905},{"@type":"BreadcrumbList","@id":"https:\/\/erp-recycling.org\/de-at\/bevollmaechtigten-service\/#breadcrumb","itemListElement":[{"@type":"ListItem","position":1,"name":"Frontpage","item":"https:\/\/erp-recycling.org\/de-at\/"},{"@type":"ListItem","position":2,"name":"Bevollm\u00e4chtigten-Service"}]},{"@type":"WebSite","@id":"https:\/\/erp-recycling.org\/de-at\/#website","url":"https:\/\/erp-recycling.org\/de-at\/","name":"Austria (DE)","description":"A company of the Landbell Group","potentialAction":[{"@type":"SearchAction","target":{"@type":"EntryPoint","urlTemplate":"https:\/\/erp-recycling.org\/de-at\/?s={search_term_string}"},"query-input":{"@type":"PropertyValueSpecification","valueRequired":true,"valueName":"search_term_string"}}],"inLanguage":"de"}]}},"_links":{"self":[{"href":"https:\/\/erp-recycling.org\/de-at\/wp-json\/wp\/v2\/pages\/8760","targetHints":{"allow":["GET"]}}],"collection":[{"href":"https:\/\/erp-recycling.org\/de-at\/wp-json\/wp\/v2\/pages"}],"about":[{"href":"https:\/\/erp-recycling.org\/de-at\/wp-json\/wp\/v2\/types\/page"}],"author":[{"embeddable":true,"href":"https:\/\/erp-recycling.org\/de-at\/wp-json\/wp\/v2\/users\/1"}],"replies":[{"embeddable":true,"href":"https:\/\/erp-recycling.org\/de-at\/wp-json\/wp\/v2\/comments?post=8760"}],"version-history":[{"count":2,"href":"https:\/\/erp-recycling.org\/de-at\/wp-json\/wp\/v2\/pages\/8760\/revisions"}],"predecessor-version":[{"id":8764,"href":"https:\/\/erp-recycling.org\/de-at\/wp-json\/wp\/v2\/pages\/8760\/revisions\/8764"}],"wp:featuredmedia":[{"embeddable":true,"href":"https:\/\/erp-recycling.org\/de-at\/wp-json\/wp\/v2\/media\/7493"}],"wp:attachment":[{"href":"https:\/\/erp-recycling.org\/de-at\/wp-json\/wp\/v2\/media?parent=8760"}],"curies":[{"name":"wp","href":"https:\/\/api.w.org\/{rel}","templated":true}]}}