{"id":9310,"date":"2023-03-09T23:11:44","date_gmt":"2023-03-09T21:11:44","guid":{"rendered":"https:\/\/erp-recycling.org\/fi-fi\/?page_id=9310"},"modified":"2024-12-31T15:39:12","modified_gmt":"2024-12-31T13:39:12","slug":"maksut","status":"publish","type":"page","link":"https:\/\/erp-recycling.org\/fi-fi\/maksut\/","title":{"rendered":"Maksut"},"content":{"rendered":"<p><div class=\"fusion-fullwidth fullwidth-box fusion-builder-row-1 fusion-flex-container has-pattern-background has-mask-background fusion-parallax-none nonhundred-percent-fullwidth non-hundred-percent-height-scrolling page-hero\" style=\"--awb-border-radius-top-left:0px;--awb-border-radius-top-right:0px;--awb-border-radius-bottom-right:0px;--awb-border-radius-bottom-left:0px;--awb-padding-top:12vh;--awb-padding-bottom:12vh;--awb-margin-top:0px;--awb-margin-bottom:0px;--awb-background-color:var(--awb-color7);--awb-background-image:url(&quot;https:\/\/erp-recycling.org\/fi-fi\/wp-content\/uploads\/sites\/37\/2022\/12\/ERP-Global-Services.jpg&quot;);--awb-background-size:cover;--awb-flex-wrap:wrap;\" ><div class=\"fusion-builder-row fusion-row fusion-flex-align-items-flex-start fusion-flex-content-wrap\" style=\"max-width:1456px;margin-left: calc(-4% \/ 2 );margin-right: calc(-4% \/ 2 );\"><div class=\"fusion-layout-column fusion_builder_column fusion-builder-column-0 fusion_builder_column_1_2 1_2 fusion-flex-column\" style=\"--awb-bg-size:cover;--awb-width-large:50%;--awb-margin-top-large:0px;--awb-spacing-right-large:3.84%;--awb-margin-bottom-large:20px;--awb-spacing-left-large:3.84%;--awb-width-medium:100%;--awb-order-medium:0;--awb-spacing-right-medium:1.92%;--awb-spacing-left-medium:1.92%;--awb-width-small:100%;--awb-order-small:0;--awb-spacing-right-small:1.92%;--awb-spacing-left-small:1.92%;\"><div class=\"fusion-column-wrapper fusion-column-has-shadow fusion-flex-justify-content-flex-start fusion-content-layout-column\"><div class=\"fusion-title title fusion-title-1 fusion-title-text fusion-title-size-one\" style=\"--awb-text-color:var(--awb-color1);--awb-margin-top-small:0px;--awb-margin-bottom-small:20px;\"><div class=\"title-sep-container title-sep-container-left fusion-no-large-visibility fusion-no-medium-visibility fusion-no-small-visibility\"><div class=\"title-sep sep- sep-solid\" style=\"border-color:var(--awb-color3);\"><\/div><\/div><span class=\"awb-title-spacer fusion-no-large-visibility fusion-no-medium-visibility fusion-no-small-visibility\"><\/span><h1 class=\"fusion-title-heading title-heading-left fusion-responsive-typography-calculated\" style=\"margin:0;text-transform:none;--fontSize:100;line-height:1.2;\">Maksut<\/h1><span class=\"awb-title-spacer\"><\/span><div class=\"title-sep-container title-sep-container-right\"><div class=\"title-sep sep- sep-solid\" style=\"border-color:var(--awb-color3);\"><\/div><\/div><\/div><div class=\"fusion-text fusion-text-1\" style=\"--awb-font-size:40px;--awb-line-height:var(--awb-typography3-line-height);--awb-letter-spacing:var(--awb-typography3-letter-spacing);--awb-text-transform:var(--awb-typography3-text-transform);--awb-text-color:var(--awb-color1);--awb-text-font-family:var(--awb-typography3-font-family);--awb-text-font-weight:var(--awb-typography3-font-weight);--awb-text-font-style:var(--awb-typography3-font-style);\"><p>Akut ja paristot<\/p>\n<\/div><\/div><\/div><\/div><\/div><div class=\"fusion-fullwidth fullwidth-box fusion-builder-row-2 fusion-flex-container has-pattern-background has-mask-background nonhundred-percent-fullwidth non-hundred-percent-height-scrolling\" style=\"--awb-border-radius-top-left:0px;--awb-border-radius-top-right:0px;--awb-border-radius-bottom-right:0px;--awb-border-radius-bottom-left:0px;--awb-margin-top:40px;--awb-margin-bottom:40px;--awb-flex-wrap:wrap;\" ><div class=\"fusion-builder-row fusion-row fusion-flex-align-items-flex-start fusion-flex-content-wrap\" style=\"max-width:1456px;margin-left: calc(-4% \/ 2 );margin-right: calc(-4% \/ 2 );\"><div class=\"fusion-layout-column fusion_builder_column fusion-builder-column-1 fusion_builder_column_1_1 1_1 fusion-flex-column\" style=\"--awb-bg-size:cover;--awb-width-large:100%;--awb-margin-top-large:0px;--awb-spacing-right-large:1.92%;--awb-margin-bottom-large:20px;--awb-spacing-left-large:1.92%;--awb-width-medium:100%;--awb-order-medium:0;--awb-spacing-right-medium:1.92%;--awb-spacing-left-medium:1.92%;--awb-width-small:100%;--awb-order-small:0;--awb-spacing-right-small:1.92%;--awb-spacing-left-small:1.92%;\"><div class=\"fusion-column-wrapper fusion-column-has-shadow fusion-flex-justify-content-flex-start fusion-content-layout-column\"><nav class=\"fusion-breadcrumbs awb-yoast-breadcrumbs fusion-breadcrumbs-1\" style=\"--awb-breadcrumb-sep:&#039;&gt;&#039;;\" aria-label=\"Breadcrumb\"><span><span><a href=\"https:\/\/erp-recycling.org\/fi-fi\/\">Etusivu<\/a><\/span><\/span><\/nav><\/div><\/div><\/div><\/div><div class=\"fusion-fullwidth fullwidth-box fusion-builder-row-3 fusion-flex-container has-pattern-background has-mask-background nonhundred-percent-fullwidth non-hundred-percent-height-scrolling\" style=\"--awb-border-radius-top-left:0px;--awb-border-radius-top-right:0px;--awb-border-radius-bottom-right:0px;--awb-border-radius-bottom-left:0px;--awb-padding-bottom:12vh;--awb-flex-wrap:wrap;\" ><div class=\"fusion-builder-row fusion-row fusion-flex-align-items-flex-start fusion-flex-content-wrap\" style=\"max-width:1456px;margin-left: calc(-4% \/ 2 );margin-right: calc(-4% \/ 2 );\"><div class=\"fusion-layout-column fusion_builder_column fusion-builder-column-2 fusion_builder_column_3_4 3_4 fusion-flex-column\" style=\"--awb-bg-size:cover;--awb-width-large:75%;--awb-margin-top-large:0px;--awb-spacing-right-large:2.56%;--awb-margin-bottom-large:20px;--awb-spacing-left-large:2.56%;--awb-width-medium:100%;--awb-order-medium:0;--awb-spacing-right-medium:1.92%;--awb-spacing-left-medium:1.92%;--awb-width-small:100%;--awb-order-small:0;--awb-spacing-right-small:1.92%;--awb-spacing-left-small:1.92%;\"><div class=\"fusion-column-wrapper fusion-column-has-shadow fusion-flex-justify-content-flex-start fusion-content-layout-column\"><div class=\"fusion-text fusion-text-2\"><p><a href=\"https:\/\/erp-recycling.org\/fi-fi\/wp-content\/uploads\/sites\/37\/2024\/12\/ERP-Finland-BATT-2025.pdf\">T\u00e4\u00e4lt\u00e4<\/a> l\u00f6yd\u00e4t maksumme.<\/p>\n<\/div><\/div><\/div><\/div><\/div><div id=\"countries\" class=\"fusion-container-anchor\"><div class=\"fusion-fullwidth fullwidth-box fusion-builder-row-4 fusion-flex-container has-pattern-background has-mask-background nonhundred-percent-fullwidth non-hundred-percent-height-scrolling\" style=\"--awb-border-radius-top-left:0px;--awb-border-radius-top-right:0px;--awb-border-radius-bottom-right:0px;--awb-border-radius-bottom-left:0px;--awb-padding-top:12vh;--awb-padding-bottom:12vh;--awb-background-color:rgba(244,244,244,0.35);--awb-flex-wrap:wrap;\" ><div class=\"fusion-builder-row fusion-row fusion-flex-align-items-flex-start fusion-flex-content-wrap\" style=\"max-width:1456px;margin-left: calc(-4% \/ 2 );margin-right: calc(-4% \/ 2 );\"><div class=\"fusion-layout-column fusion_builder_column fusion-builder-column-3 fusion_builder_column_1_1 1_1 fusion-flex-column\" style=\"--awb-bg-size:cover;--awb-width-large:100%;--awb-margin-top-large:0px;--awb-spacing-right-large:1.92%;--awb-margin-bottom-large:20px;--awb-spacing-left-large:1.92%;--awb-width-medium:100%;--awb-order-medium:0;--awb-spacing-right-medium:1.92%;--awb-spacing-left-medium:1.92%;--awb-width-small:100%;--awb-order-small:0;--awb-spacing-right-small:1.92%;--awb-spacing-left-small:1.92%;\"><div class=\"fusion-column-wrapper fusion-column-has-shadow fusion-flex-justify-content-flex-start fusion-content-layout-column\"><div class=\"fusion-tabs fusion-tabs-1 clean nav-is-justified erp-links horizontal-tabs icon-position-left mobile-mode-accordion\" style=\"--awb-title-border-radius-top-left:0px;--awb-title-border-radius-top-right:0px;--awb-title-border-radius-bottom-right:0px;--awb-title-border-radius-bottom-left:0px;--awb-title-font-size:32px;--awb-title-line-height:1.3;--awb-alignment:start;--awb-inactive-color:hsla(var(--awb-color8-h),var(--awb-color8-s),calc( var(--awb-color8-l) + 96% ),var(--awb-color8-a));--awb-background-color:var(--awb-color1);--awb-border-color:var(--awb-color3);--awb-active-border-color:#ff0000;\"><div class=\"nav\"><ul class=\"nav-tabs nav-justified\" role=\"tablist\"><li class=\"active\" role=\"presentation\"><a class=\"tab-link\" data-toggle=\"tab\" role=\"tab\" aria-controls=\"tab-373ba109228765cc126\" aria-selected=\"true\" id=\"fusion-tab-whereweoperate\" href=\"#tab-373ba109228765cc126\"><h3 class=\"fusion-tab-heading\">Where we operate<\/h3><\/a><\/li><li role=\"presentation\"><a class=\"tab-link\" data-toggle=\"tab\" role=\"tab\" aria-controls=\"tab-c139266b02df9bdba22\" aria-selected=\"false\" tabindex=\"-1\" id=\"fusion-tab-whatelsewedo\" href=\"#tab-c139266b02df9bdba22\"><h3 class=\"fusion-tab-heading\">What else we do<\/h3><\/a><\/li><\/ul><\/div><div class=\"tab-content\"><div class=\"nav fusion-mobile-tab-nav\"><ul class=\"nav-tabs nav-justified\" role=\"tablist\"><li class=\"active\" role=\"presentation\"><a class=\"tab-link\" data-toggle=\"tab\" role=\"tab\" aria-controls=\"tab-373ba109228765cc126\" aria-selected=\"true\" id=\"mobile-fusion-tab-whereweoperate\" href=\"#tab-373ba109228765cc126\"><h3 class=\"fusion-tab-heading\">Where we operate<\/h3><\/a><\/li><\/ul><\/div><div class=\"tab-pane fade fusion-clearfix in active\" role=\"tabpanel\" tabindex=\"0\" aria-labelledby=\"fusion-tab-whereweoperate\" id=\"tab-373ba109228765cc126\">\n<ul class=\"countries\">\n<li><a href=\"\/de-at\/\" target=\"_blank\" rel=\"noopener\">Austria<\/a><\/li>\n<li><a href=\"https:\/\/landbellcanada.com\/\">Canada<\/a><\/li>\n<li><a href=\"\/zh-cn\/\" target=\"_blank\" rel=\"noopener\">China<\/a><\/li>\n<li><a href=\"\/da-dk\/\" target=\"_blank\" rel=\"noopener\">Denmark<\/a><\/li>\n<li><a href=\"\/fi-fi\/\" target=\"_blank\" rel=\"noopener\">Finland<\/a><\/li>\n<li><a href=\"\/fr-fr\/\" target=\"_blank\" rel=\"noopener\">France<\/a><\/li>\n<li><a href=\"https:\/\/erp-recycling.org\/de-de\/\">Germany<\/a><\/li>\n<li><a href=\"https:\/\/www.landbell-gfs.in\/\" target=\"_blank\" rel=\"noopener\">India<\/a><\/li>\n<li><a href=\"\/ie\/\" target=\"_blank\" rel=\"noopener\">Ireland<\/a><\/li>\n<li><a href=\"\/it-it\/\" target=\"_blank\" rel=\"noopener\">Italy<\/a><\/li>\n<li><a href=\"\/ja-jp\/\" target=\"_blank\" rel=\"noopener\">Japan<\/a><\/li>\n<li><a href=\"https:\/\/erp-recycling.org\/en-nl\/\" target=\"_blank\" rel=\"noopener\">Netherlands<\/a><\/li>\n<li><a href=\"\/no-no\/\" target=\"_blank\" rel=\"noopener\">Norway<\/a><\/li>\n<li><a href=\"\/pl-pl\/\" target=\"_blank\" rel=\"noopener\">Poland<\/a><\/li>\n<li><a href=\"\/pt-pt\/\" target=\"_blank\" rel=\"noopener\">Portugal<\/a><\/li>\n<li><a href=\"http:\/\/www.erp-recycling.sk\/\" target=\"_blank\" rel=\"noopener\">Slovakia<\/a><\/li>\n<li><a href=\"\/es-es\/\" target=\"_blank\" rel=\"noopener\">Spain<\/a><\/li>\n<li><a href=\"\/se-se\/\" target=\"_blank\" rel=\"noopener\">Sweden<\/a><\/li>\n<li><a href=\"\/uk\/\" target=\"_blank\" rel=\"noopener\">United Kingdom<\/a><\/li>\n<li><a href=\"http:\/\/www.landbellusa.com\">USA<\/a><\/li>\n<\/ul>\n<\/div><div class=\"nav fusion-mobile-tab-nav\"><ul class=\"nav-tabs nav-justified\" role=\"tablist\"><li role=\"presentation\"><a class=\"tab-link\" data-toggle=\"tab\" role=\"tab\" aria-controls=\"tab-c139266b02df9bdba22\" aria-selected=\"false\" tabindex=\"-1\" id=\"mobile-fusion-tab-whatelsewedo\" href=\"#tab-c139266b02df9bdba22\"><h3 class=\"fusion-tab-heading\">What else we do<\/h3><\/a><\/li><\/ul><\/div><div class=\"tab-pane fade fusion-clearfix\" role=\"tabpanel\" tabindex=\"0\" aria-labelledby=\"fusion-tab-whatelsewedo\" id=\"tab-c139266b02df9bdba22\">\n<ul class=\"service\">\n<li class=\"red\"><a href=\"https:\/\/landbell-group.com\/compliance-services\/\" target=\"_blank\" rel=\"noopener\">Compliance Services<\/a><\/li>\n<li class=\"red\"><a href=\"https:\/\/landbell-group.com\/compliance-services\/easyshop\/\" target=\"_blank\" rel=\"noopener\">EASyShop<\/a><\/li>\n<li class=\"blue\"><a href=\"https:\/\/landbell-group.com\/global-takeback\/\" target=\"_blank\" rel=\"noopener\">Global Takeback Consulting<\/a><\/li>\n<li class=\"blue\"><a href=\"https:\/\/landbell-group.com\/environmental-compliance-consulting\/\" target=\"_blank\" rel=\"noopener\">Environmental Compliance Consulting<\/a><\/li>\n<li class=\"blue\"><a href=\"https:\/\/landbell-group.com\/regulatory-tracking-services\/\" target=\"_blank\" rel=\"noopener\">Regulatory Tracking<\/a><\/li>\n<li class=\"blue\"><a href=\"https:\/\/landbell-group.com\/chemical-compliance\/\" target=\"_blank\" rel=\"noopener\">Chemical Compliance Consulting<\/a><\/li>\n<li class=\"light-blue\"><a href=\"https:\/\/landbell-group.com\/circular-economy-software\/\" target=\"_blank\" rel=\"noopener\">Circular Economy Software<\/a><\/li>\n<li class=\"green\"><a href=\"https:\/\/landbell-group.com\/circular-economy-solutions\/\" target=\"_blank\" rel=\"noopener\">Circular Economy Solutions<\/a><\/li>\n<\/ul>\n<\/div><\/div><\/div><\/div><\/div><\/div><\/div><\/div>\n<div class=\"fusion-fullwidth fullwidth-box fusion-builder-row-5 fusion-flex-container has-pattern-background has-mask-background nonhundred-percent-fullwidth non-hundred-percent-height-scrolling fusion-custom-z-index fusion-absolute-container fusion-absolute-position-small fusion-absolute-position-medium fusion-absolute-position-large\" style=\"--awb-border-radius-top-left:0px;--awb-border-radius-top-right:0px;--awb-border-radius-bottom-right:0px;--awb-border-radius-bottom-left:0px;--awb-z-index:999;--awb-flex-wrap:wrap;\" ><div class=\"fusion-builder-row fusion-row fusion-flex-align-items-flex-start fusion-flex-justify-content-flex-end fusion-flex-content-wrap\" style=\"max-width:1456px;margin-left: calc(-4% \/ 2 );margin-right: calc(-4% \/ 2 );\"><div class=\"fusion-layout-column fusion_builder_column fusion-builder-column-4 fusion_builder_column_1_4 1_4 fusion-flex-column\" style=\"--awb-bg-size:cover;--awb-width-large:25%;--awb-margin-top-large:0px;--awb-spacing-right-large:7.68%;--awb-margin-bottom-large:20px;--awb-spacing-left-large:7.68%;--awb-width-medium:100%;--awb-order-medium:0;--awb-spacing-right-medium:1.92%;--awb-spacing-left-medium:1.92%;--awb-width-small:100%;--awb-order-small:0;--awb-spacing-right-small:1.92%;--awb-spacing-left-small:1.92%;\"><div class=\"fusion-column-wrapper fusion-column-has-shadow fusion-flex-justify-content-flex-start fusion-content-layout-column\"><\/div><\/div><\/div><\/div>\n<\/p>\n","protected":false},"excerpt":{"rendered":"","protected":false},"author":27,"featured_media":7016,"parent":0,"menu_order":0,"comment_status":"closed","ping_status":"closed","template":"100-width.php","meta":{"_acf_changed":false,"_monsterinsights_skip_tracking":false,"_monsterinsights_sitenote_active":false,"_monsterinsights_sitenote_note":"","_monsterinsights_sitenote_category":0,"footnotes":""},"class_list":["post-9310","page","type-page","status-publish","has-post-thumbnail","hentry"],"acf":[],"yoast_head":"<!-- This site is optimized with the Yoast SEO plugin v27.2 - https:\/\/yoast.com\/product\/yoast-seo-wordpress\/ -->\n<title>Maksut - Finland (FI)<\/title>\n<meta name=\"robots\" content=\"noindex, nofollow\" \/>\n<meta property=\"og:locale\" content=\"fi_FI\" \/>\n<meta property=\"og:type\" content=\"article\" \/>\n<meta property=\"og:title\" content=\"Maksut - Finland (FI)\" \/>\n<meta property=\"og:url\" content=\"https:\/\/erp-recycling.org\/fi-fi\/maksut\/\" \/>\n<meta property=\"og:site_name\" content=\"Finland (FI)\" \/>\n<meta property=\"article:modified_time\" content=\"2024-12-31T13:39:12+00:00\" \/>\n<meta property=\"og:image\" content=\"https:\/\/erp-recycling.org\/fi-fi\/wp-content\/uploads\/sites\/37\/2022\/12\/ERP-Global-Services.jpg\" \/>\n\t<meta property=\"og:image:width\" content=\"1800\" \/>\n\t<meta property=\"og:image:height\" content=\"1200\" \/>\n\t<meta property=\"og:image:type\" content=\"image\/jpeg\" \/>\n<meta name=\"twitter:card\" content=\"summary_large_image\" \/>\n<meta name=\"twitter:label1\" content=\"Arvioitu lukuaika\" \/>\n\t<meta name=\"twitter:data1\" content=\"1 minuutti\" \/>\n<script type=\"application\/ld+json\" class=\"yoast-schema-graph\">{\"@context\":\"https:\/\/schema.org\",\"@graph\":[{\"@type\":\"WebPage\",\"@id\":\"https:\/\/erp-recycling.org\/fi-fi\/maksut\/\",\"url\":\"https:\/\/erp-recycling.org\/fi-fi\/maksut\/\",\"name\":\"Maksut - Finland (FI)\",\"isPartOf\":{\"@id\":\"https:\/\/erp-recycling.org\/fi-fi\/#website\"},\"primaryImageOfPage\":{\"@id\":\"https:\/\/erp-recycling.org\/fi-fi\/maksut\/#primaryimage\"},\"image\":{\"@id\":\"https:\/\/erp-recycling.org\/fi-fi\/maksut\/#primaryimage\"},\"thumbnailUrl\":\"https:\/\/erp-recycling.org\/fi-fi\/wp-content\/uploads\/sites\/37\/2022\/12\/ERP-Global-Services.jpg\",\"datePublished\":\"2023-03-09T21:11:44+00:00\",\"dateModified\":\"2024-12-31T13:39:12+00:00\",\"breadcrumb\":{\"@id\":\"https:\/\/erp-recycling.org\/fi-fi\/maksut\/#breadcrumb\"},\"inLanguage\":\"fi\",\"potentialAction\":[{\"@type\":\"ReadAction\",\"target\":[\"https:\/\/erp-recycling.org\/fi-fi\/maksut\/\"]}]},{\"@type\":\"ImageObject\",\"inLanguage\":\"fi\",\"@id\":\"https:\/\/erp-recycling.org\/fi-fi\/maksut\/#primaryimage\",\"url\":\"https:\/\/erp-recycling.org\/fi-fi\/wp-content\/uploads\/sites\/37\/2022\/12\/ERP-Global-Services.jpg\",\"contentUrl\":\"https:\/\/erp-recycling.org\/fi-fi\/wp-content\/uploads\/sites\/37\/2022\/12\/ERP-Global-Services.jpg\",\"width\":1800,\"height\":1200,\"caption\":\"ERP Global Services Header\"},{\"@type\":\"BreadcrumbList\",\"@id\":\"https:\/\/erp-recycling.org\/fi-fi\/maksut\/#breadcrumb\",\"itemListElement\":[{\"@type\":\"ListItem\",\"position\":1,\"name\":\"Etusivu\",\"item\":\"https:\/\/erp-recycling.org\/fi-fi\/\"},{\"@type\":\"ListItem\",\"position\":2,\"name\":\"Maksut\"}]},{\"@type\":\"WebSite\",\"@id\":\"https:\/\/erp-recycling.org\/fi-fi\/#website\",\"url\":\"https:\/\/erp-recycling.org\/fi-fi\/\",\"name\":\"Finland (FI)\",\"description\":\"A company of the Landbell Group\",\"potentialAction\":[{\"@type\":\"SearchAction\",\"target\":{\"@type\":\"EntryPoint\",\"urlTemplate\":\"https:\/\/erp-recycling.org\/fi-fi\/?s={search_term_string}\"},\"query-input\":{\"@type\":\"PropertyValueSpecification\",\"valueRequired\":true,\"valueName\":\"search_term_string\"}}],\"inLanguage\":\"fi\"}]}<\/script>\n<!-- \/ Yoast SEO plugin. -->","yoast_head_json":{"title":"Maksut - Finland (FI)","robots":{"index":"noindex","follow":"nofollow"},"og_locale":"fi_FI","og_type":"article","og_title":"Maksut - Finland (FI)","og_url":"https:\/\/erp-recycling.org\/fi-fi\/maksut\/","og_site_name":"Finland (FI)","article_modified_time":"2024-12-31T13:39:12+00:00","og_image":[{"width":1800,"height":1200,"url":"https:\/\/erp-recycling.org\/fi-fi\/wp-content\/uploads\/sites\/37\/2022\/12\/ERP-Global-Services.jpg","type":"image\/jpeg"}],"twitter_card":"summary_large_image","twitter_misc":{"Arvioitu lukuaika":"1 minuutti"},"schema":{"@context":"https:\/\/schema.org","@graph":[{"@type":"WebPage","@id":"https:\/\/erp-recycling.org\/fi-fi\/maksut\/","url":"https:\/\/erp-recycling.org\/fi-fi\/maksut\/","name":"Maksut - Finland (FI)","isPartOf":{"@id":"https:\/\/erp-recycling.org\/fi-fi\/#website"},"primaryImageOfPage":{"@id":"https:\/\/erp-recycling.org\/fi-fi\/maksut\/#primaryimage"},"image":{"@id":"https:\/\/erp-recycling.org\/fi-fi\/maksut\/#primaryimage"},"thumbnailUrl":"https:\/\/erp-recycling.org\/fi-fi\/wp-content\/uploads\/sites\/37\/2022\/12\/ERP-Global-Services.jpg","datePublished":"2023-03-09T21:11:44+00:00","dateModified":"2024-12-31T13:39:12+00:00","breadcrumb":{"@id":"https:\/\/erp-recycling.org\/fi-fi\/maksut\/#breadcrumb"},"inLanguage":"fi","potentialAction":[{"@type":"ReadAction","target":["https:\/\/erp-recycling.org\/fi-fi\/maksut\/"]}]},{"@type":"ImageObject","inLanguage":"fi","@id":"https:\/\/erp-recycling.org\/fi-fi\/maksut\/#primaryimage","url":"https:\/\/erp-recycling.org\/fi-fi\/wp-content\/uploads\/sites\/37\/2022\/12\/ERP-Global-Services.jpg","contentUrl":"https:\/\/erp-recycling.org\/fi-fi\/wp-content\/uploads\/sites\/37\/2022\/12\/ERP-Global-Services.jpg","width":1800,"height":1200,"caption":"ERP Global Services Header"},{"@type":"BreadcrumbList","@id":"https:\/\/erp-recycling.org\/fi-fi\/maksut\/#breadcrumb","itemListElement":[{"@type":"ListItem","position":1,"name":"Etusivu","item":"https:\/\/erp-recycling.org\/fi-fi\/"},{"@type":"ListItem","position":2,"name":"Maksut"}]},{"@type":"WebSite","@id":"https:\/\/erp-recycling.org\/fi-fi\/#website","url":"https:\/\/erp-recycling.org\/fi-fi\/","name":"Finland (FI)","description":"A company of the Landbell Group","potentialAction":[{"@type":"SearchAction","target":{"@type":"EntryPoint","urlTemplate":"https:\/\/erp-recycling.org\/fi-fi\/?s={search_term_string}"},"query-input":{"@type":"PropertyValueSpecification","valueRequired":true,"valueName":"search_term_string"}}],"inLanguage":"fi"}]}},"_links":{"self":[{"href":"https:\/\/erp-recycling.org\/fi-fi\/wp-json\/wp\/v2\/pages\/9310","targetHints":{"allow":["GET"]}}],"collection":[{"href":"https:\/\/erp-recycling.org\/fi-fi\/wp-json\/wp\/v2\/pages"}],"about":[{"href":"https:\/\/erp-recycling.org\/fi-fi\/wp-json\/wp\/v2\/types\/page"}],"author":[{"embeddable":true,"href":"https:\/\/erp-recycling.org\/fi-fi\/wp-json\/wp\/v2\/users\/27"}],"replies":[{"embeddable":true,"href":"https:\/\/erp-recycling.org\/fi-fi\/wp-json\/wp\/v2\/comments?post=9310"}],"version-history":[{"count":9,"href":"https:\/\/erp-recycling.org\/fi-fi\/wp-json\/wp\/v2\/pages\/9310\/revisions"}],"predecessor-version":[{"id":9710,"href":"https:\/\/erp-recycling.org\/fi-fi\/wp-json\/wp\/v2\/pages\/9310\/revisions\/9710"}],"wp:featuredmedia":[{"embeddable":true,"href":"https:\/\/erp-recycling.org\/fi-fi\/wp-json\/wp\/v2\/media\/7016"}],"wp:attachment":[{"href":"https:\/\/erp-recycling.org\/fi-fi\/wp-json\/wp\/v2\/media?parent=9310"}],"curies":[{"name":"wp","href":"https:\/\/api.w.org\/{rel}","templated":true}]}}