{"id":5147,"date":"2022-10-07T10:22:27","date_gmt":"2022-10-07T09:22:27","guid":{"rendered":"https:\/\/erp-recycling.org\/pl-pl\/?page_id=5147"},"modified":"2023-04-11T15:42:02","modified_gmt":"2023-04-11T13:42:02","slug":"globalne-rozwiazania","status":"publish","type":"page","link":"https:\/\/erp-recycling.org\/pl-pl\/nasze-dzialania\/uslugi\/globalne-rozwiazania\/","title":{"rendered":"Globalne rozwi\u0105zania"},"content":{"rendered":"<p><div class=\"fusion-fullwidth fullwidth-box fusion-builder-row-1 fusion-flex-container has-pattern-background has-mask-background fusion-parallax-none nonhundred-percent-fullwidth non-hundred-percent-height-scrolling page-hero\" style=\"--awb-border-radius-top-left:0px;--awb-border-radius-top-right:0px;--awb-border-radius-bottom-right:0px;--awb-border-radius-bottom-left:0px;--awb-padding-top:12vh;--awb-padding-bottom:12vh;--awb-margin-top:0px;--awb-margin-bottom:0px;--awb-background-color:var(--awb-color7);--awb-background-image:url(&quot;https:\/\/erp-recycling.org\/pl-pl\/wp-content\/uploads\/sites\/50\/2023\/01\/GlobalSolutions3.jpg&quot;);--awb-background-size:cover;--awb-flex-wrap:wrap;\" ><div class=\"fusion-builder-row fusion-row fusion-flex-align-items-flex-start fusion-flex-content-wrap\" style=\"max-width:1456px;margin-left: calc(-4% \/ 2 );margin-right: calc(-4% \/ 2 );\"><div class=\"fusion-layout-column fusion_builder_column fusion-builder-column-0 fusion_builder_column_3_5 3_5 fusion-flex-column\" style=\"--awb-bg-size:cover;--awb-width-large:60%;--awb-margin-top-large:0px;--awb-spacing-right-large:3.2%;--awb-margin-bottom-large:20px;--awb-spacing-left-large:3.2%;--awb-width-medium:100%;--awb-order-medium:0;--awb-spacing-right-medium:1.92%;--awb-spacing-left-medium:1.92%;--awb-width-small:100%;--awb-order-small:0;--awb-spacing-right-small:1.92%;--awb-spacing-left-small:1.92%;\"><div class=\"fusion-column-wrapper fusion-column-has-shadow fusion-flex-justify-content-flex-start fusion-content-layout-column\"><div class=\"fusion-title title fusion-title-1 fusion-title-text fusion-title-size-one\" style=\"--awb-text-color:var(--awb-color1);--awb-margin-top-small:0px;--awb-margin-bottom-small:20px;\"><div class=\"title-sep-container title-sep-container-left fusion-no-large-visibility fusion-no-medium-visibility fusion-no-small-visibility\"><div class=\"title-sep sep- sep-solid\" style=\"border-color:var(--awb-color3);\"><\/div><\/div><span class=\"awb-title-spacer fusion-no-large-visibility fusion-no-medium-visibility fusion-no-small-visibility\"><\/span><h1 class=\"fusion-title-heading title-heading-left fusion-responsive-typography-calculated\" style=\"margin:0;text-transform:none;--fontSize:100;line-height:1.2;\">Nasze dzia\u0142ania<\/h1><span class=\"awb-title-spacer\"><\/span><div class=\"title-sep-container title-sep-container-right\"><div class=\"title-sep sep- sep-solid\" style=\"border-color:var(--awb-color3);\"><\/div><\/div><\/div><div class=\"fusion-text fusion-text-1\" style=\"--awb-font-size:40px;--awb-line-height:var(--awb-typography3-line-height);--awb-letter-spacing:var(--awb-typography3-letter-spacing);--awb-text-transform:var(--awb-typography3-text-transform);--awb-text-color:var(--awb-color1);--awb-text-font-family:var(--awb-typography3-font-family);--awb-text-font-weight:var(--awb-typography3-font-weight);--awb-text-font-style:var(--awb-typography3-font-style);\"><p>Us\u0142ugi &#8211; Globalne rozwi\u0105zania<\/p>\n<\/div><\/div><\/div><\/div><\/div><div class=\"fusion-fullwidth fullwidth-box fusion-builder-row-2 fusion-flex-container has-pattern-background has-mask-background nonhundred-percent-fullwidth non-hundred-percent-height-scrolling\" style=\"--awb-border-radius-top-left:0px;--awb-border-radius-top-right:0px;--awb-border-radius-bottom-right:0px;--awb-border-radius-bottom-left:0px;--awb-margin-top:40px;--awb-margin-bottom:40px;--awb-flex-wrap:wrap;\" ><div class=\"fusion-builder-row fusion-row fusion-flex-align-items-flex-start fusion-flex-content-wrap\" style=\"max-width:1456px;margin-left: calc(-4% \/ 2 );margin-right: calc(-4% \/ 2 );\"><div class=\"fusion-layout-column fusion_builder_column fusion-builder-column-1 fusion_builder_column_1_1 1_1 fusion-flex-column\" style=\"--awb-bg-size:cover;--awb-width-large:100%;--awb-margin-top-large:0px;--awb-spacing-right-large:1.92%;--awb-margin-bottom-large:20px;--awb-spacing-left-large:1.92%;--awb-width-medium:100%;--awb-order-medium:0;--awb-spacing-right-medium:1.92%;--awb-spacing-left-medium:1.92%;--awb-width-small:100%;--awb-order-small:0;--awb-spacing-right-small:1.92%;--awb-spacing-left-small:1.92%;\"><div class=\"fusion-column-wrapper fusion-column-has-shadow fusion-flex-justify-content-flex-start fusion-content-layout-column\"><nav class=\"fusion-breadcrumbs awb-yoast-breadcrumbs fusion-breadcrumbs-1\" style=\"--awb-breadcrumb-sep:&#039;&gt;&#039;;\" aria-label=\"Breadcrumb\"><span><span><a href=\"https:\/\/erp-recycling.org\/pl-pl\/\">Frontpage<\/a><\/span><\/span><\/nav><\/div><\/div><\/div><\/div><div class=\"fusion-fullwidth fullwidth-box fusion-builder-row-3 fusion-flex-container has-pattern-background has-mask-background nonhundred-percent-fullwidth non-hundred-percent-height-scrolling\" style=\"--awb-border-radius-top-left:0px;--awb-border-radius-top-right:0px;--awb-border-radius-bottom-right:0px;--awb-border-radius-bottom-left:0px;--awb-padding-bottom:12vh;--awb-flex-wrap:wrap;\" ><div class=\"fusion-builder-row fusion-row fusion-flex-align-items-flex-start fusion-flex-content-wrap\" style=\"max-width:1456px;margin-left: calc(-4% \/ 2 );margin-right: calc(-4% \/ 2 );\"><div class=\"fusion-layout-column fusion_builder_column fusion-builder-column-2 fusion_builder_column_3_4 3_4 fusion-flex-column\" style=\"--awb-bg-size:cover;--awb-width-large:75%;--awb-margin-top-large:0px;--awb-spacing-right-large:2.56%;--awb-margin-bottom-large:20px;--awb-spacing-left-large:2.56%;--awb-width-medium:100%;--awb-order-medium:0;--awb-spacing-right-medium:1.92%;--awb-spacing-left-medium:1.92%;--awb-width-small:100%;--awb-order-small:0;--awb-spacing-right-small:1.92%;--awb-spacing-left-small:1.92%;\"><div class=\"fusion-column-wrapper fusion-column-has-shadow fusion-flex-justify-content-flex-start fusion-content-layout-column\"><div class=\"fusion-title title fusion-title-2 fusion-title-text fusion-title-size-two\" style=\"--awb-margin-top-small:0px;--awb-margin-bottom-small:20px;\"><div class=\"title-sep-container title-sep-container-left fusion-no-large-visibility fusion-no-medium-visibility fusion-no-small-visibility\"><div class=\"title-sep sep- sep-solid\" style=\"border-color:var(--awb-color3);\"><\/div><\/div><span class=\"awb-title-spacer fusion-no-large-visibility fusion-no-medium-visibility fusion-no-small-visibility\"><\/span><h2 class=\"fusion-title-heading title-heading-left fusion-responsive-typography-calculated\" style=\"margin:0;text-transform:none;--fontSize:50;line-height:1.2;\">Globalne rozwi\u0105zania<\/h2><span class=\"awb-title-spacer\"><\/span><div class=\"title-sep-container title-sep-container-right\"><div class=\"title-sep sep- sep-solid\" style=\"border-color:var(--awb-color3);\"><\/div><\/div><\/div><div class=\"fusion-text fusion-text-2\"><p>Jeste\u015bmy dumni z tego, \u017ce nale\u017cymy do Landbell Group \u2014 wiod\u0105cego \u015bwiatowego dostawcy us\u0142ug i doradztwa w zakresie zgodno\u015bci z przepisami \u015brodowiskowymi i chemicznymi.<\/p>\n<p>Dzi\u0119ki kompleksowemu zakresowi us\u0142ug mo\u017cemy zaoferowa\u0107 spersonalizowane pakiety, kt\u00f3re zapewniaj\u0105 firmie warto\u015bci i mo\u017cliwo\u015bci wykraczaj\u0105ce poza zgodno\u015b\u0107. Nasi eksperci maj\u0105 dog\u0142\u0119bn\u0105 wiedz\u0119 na temat lokalnych przepis\u00f3w i obowi\u0105zk\u00f3w, kt\u00f3re Ci\u0119 dotycz\u0105, i mog\u0105 zapewni\u0107 Ci \u0142atwe, wykonalne operacje, kt\u00f3re zapewni\u0105 przestrzeganie przepis\u00f3w.<\/p>\n<p>Oferujemy:<\/p>\n<ul>\n<li>Europejskie zarz\u0105dzanie zgodno\u015bci\u0105 z przepisami i ustawami<\/li>\n<li>Zakres ZSEiE\/baterie\/opakowania, Autoryzowany przedstawiciel<\/li>\n<li>Lokalne rozwi\u0105zania w zakresie odbioru i zwrot\u00f3w<\/li>\n<li>Bezpieczne niszczenie danych<\/li>\n<li>Us\u0142ugi zarz\u0105dzania danymi<\/li>\n<li>Lokalne doradztwo \u015brodowiskowe<\/li>\n<li>Ochrona reputacji marki<\/li>\n<\/ul>\n<p>Zdejmujemy z Twoich bark\u00f3w obci\u0105\u017cenia administracyjne, zapewniaj\u0105c spok\u00f3j ducha i oszcz\u0119dzaj\u0105c czas i zasoby w tym procesie.<\/p>\n<\/div><\/div><\/div><\/div><\/div><div id=\"countries\" class=\"fusion-container-anchor\"><div class=\"fusion-fullwidth fullwidth-box fusion-builder-row-4 fusion-flex-container has-pattern-background has-mask-background nonhundred-percent-fullwidth non-hundred-percent-height-scrolling\" style=\"--awb-border-radius-top-left:0px;--awb-border-radius-top-right:0px;--awb-border-radius-bottom-right:0px;--awb-border-radius-bottom-left:0px;--awb-padding-top:12vh;--awb-padding-bottom:12vh;--awb-background-color:rgba(244,244,244,0.35);--awb-flex-wrap:wrap;\" ><div class=\"fusion-builder-row fusion-row fusion-flex-align-items-flex-start fusion-flex-content-wrap\" style=\"max-width:1456px;margin-left: calc(-4% \/ 2 );margin-right: calc(-4% \/ 2 );\"><div class=\"fusion-layout-column fusion_builder_column fusion-builder-column-3 fusion_builder_column_1_1 1_1 fusion-flex-column\" style=\"--awb-bg-size:cover;--awb-width-large:100%;--awb-margin-top-large:0px;--awb-spacing-right-large:1.92%;--awb-margin-bottom-large:20px;--awb-spacing-left-large:1.92%;--awb-width-medium:100%;--awb-order-medium:0;--awb-spacing-right-medium:1.92%;--awb-spacing-left-medium:1.92%;--awb-width-small:100%;--awb-order-small:0;--awb-spacing-right-small:1.92%;--awb-spacing-left-small:1.92%;\"><div class=\"fusion-column-wrapper fusion-column-has-shadow fusion-flex-justify-content-flex-start fusion-content-layout-column\"><div class=\"fusion-tabs fusion-tabs-1 clean nav-is-justified erp-links horizontal-tabs icon-position-left mobile-mode-accordion\" style=\"--awb-title-border-radius-top-left:0px;--awb-title-border-radius-top-right:0px;--awb-title-border-radius-bottom-right:0px;--awb-title-border-radius-bottom-left:0px;--awb-title-font-size:32px;--awb-title-line-height:1.3;--awb-alignment:start;--awb-inactive-color:hsla(var(--awb-color8-h),var(--awb-color8-s),calc( var(--awb-color8-l) + 96% ),var(--awb-color8-a));--awb-background-color:var(--awb-color1);--awb-border-color:var(--awb-color3);--awb-active-border-color:#ff0000;\"><div class=\"nav\"><ul class=\"nav-tabs nav-justified\" role=\"tablist\"><li class=\"active\" role=\"presentation\"><a class=\"tab-link\" data-toggle=\"tab\" role=\"tab\" aria-controls=\"tab-3973731b13fe70c3473\" aria-selected=\"true\" id=\"fusion-tab-whereweoperate\" href=\"#tab-3973731b13fe70c3473\"><h3 class=\"fusion-tab-heading\">Where we operate<\/h3><\/a><\/li><li role=\"presentation\"><a class=\"tab-link\" data-toggle=\"tab\" role=\"tab\" aria-controls=\"tab-db502f66631529f1446\" aria-selected=\"false\" tabindex=\"-1\" id=\"fusion-tab-whatelsewedo\" href=\"#tab-db502f66631529f1446\"><h3 class=\"fusion-tab-heading\">What else we do<\/h3><\/a><\/li><\/ul><\/div><div class=\"tab-content\"><div class=\"nav fusion-mobile-tab-nav\"><ul class=\"nav-tabs nav-justified\" role=\"tablist\"><li class=\"active\" role=\"presentation\"><a class=\"tab-link\" data-toggle=\"tab\" role=\"tab\" aria-controls=\"tab-3973731b13fe70c3473\" aria-selected=\"true\" id=\"mobile-fusion-tab-whereweoperate\" href=\"#tab-3973731b13fe70c3473\"><h3 class=\"fusion-tab-heading\">Where we operate<\/h3><\/a><\/li><\/ul><\/div><div class=\"tab-pane fade fusion-clearfix in active\" role=\"tabpanel\" tabindex=\"0\" aria-labelledby=\"fusion-tab-whereweoperate\" id=\"tab-3973731b13fe70c3473\">\n<ul class=\"countries\">\n<li><a href=\"\/de-at\/\" target=\"_blank\" rel=\"noopener\">Austria<\/a><\/li>\n<li><a href=\"https:\/\/landbellcanada.com\/\">Canada<\/a><\/li>\n<li><a href=\"\/zh-cn\/\" target=\"_blank\" rel=\"noopener\">China<\/a><\/li>\n<li><a href=\"\/da-dk\/\" target=\"_blank\" rel=\"noopener\">Denmark<\/a><\/li>\n<li><a href=\"\/fi-fi\/\" target=\"_blank\" rel=\"noopener\">Finland<\/a><\/li>\n<li><a href=\"\/fr-fr\/\" target=\"_blank\" rel=\"noopener\">France<\/a><\/li>\n<li><a href=\"https:\/\/erp-recycling.org\/de-de\/\">Germany<\/a><\/li>\n<li><a href=\"https:\/\/www.landbell-gfs.in\/\" target=\"_blank\" rel=\"noopener\">India<\/a><\/li>\n<li><a href=\"\/ie\/\" target=\"_blank\" rel=\"noopener\">Ireland<\/a><\/li>\n<li><a href=\"\/it-it\/\" target=\"_blank\" rel=\"noopener\">Italy<\/a><\/li>\n<li><a href=\"\/ja-jp\/\" target=\"_blank\" rel=\"noopener\">Japan<\/a><\/li>\n<li><a href=\"https:\/\/erp-recycling.org\/en-nl\/\" target=\"_blank\" rel=\"noopener\">Netherlands<\/a><\/li>\n<li><a href=\"\/no-no\/\" target=\"_blank\" rel=\"noopener\">Norway<\/a><\/li>\n<li><a href=\"\/pl-pl\/\" target=\"_blank\" rel=\"noopener\">Poland<\/a><\/li>\n<li><a href=\"\/pt-pt\/\" target=\"_blank\" rel=\"noopener\">Portugal<\/a><\/li>\n<li><a href=\"http:\/\/www.erp-recycling.sk\/\" target=\"_blank\" rel=\"noopener\">Slovakia<\/a><\/li>\n<li><a href=\"\/es-es\/\" target=\"_blank\" rel=\"noopener\">Spain<\/a><\/li>\n<li><a href=\"\/se-se\/\" target=\"_blank\" rel=\"noopener\">Sweden<\/a><\/li>\n<li><a href=\"\/uk\/\" target=\"_blank\" rel=\"noopener\">United Kingdom<\/a><\/li>\n<li><a href=\"http:\/\/www.landbellgroup.com\">USA<\/a><\/li>\n<\/ul>\n<\/div><div class=\"nav fusion-mobile-tab-nav\"><ul class=\"nav-tabs nav-justified\" role=\"tablist\"><li role=\"presentation\"><a class=\"tab-link\" data-toggle=\"tab\" role=\"tab\" aria-controls=\"tab-db502f66631529f1446\" aria-selected=\"false\" tabindex=\"-1\" id=\"mobile-fusion-tab-whatelsewedo\" href=\"#tab-db502f66631529f1446\"><h3 class=\"fusion-tab-heading\">What else we do<\/h3><\/a><\/li><\/ul><\/div><div class=\"tab-pane fade fusion-clearfix\" role=\"tabpanel\" tabindex=\"0\" aria-labelledby=\"fusion-tab-whatelsewedo\" id=\"tab-db502f66631529f1446\">\n<ul class=\"service\">\n<li class=\"red\"><a href=\"https:\/\/landbell-group.com\/compliance-services\/\" target=\"_blank\" rel=\"noopener\">Compliance Services<\/a><\/li>\n<li class=\"red\"><a href=\"https:\/\/landbell-group.com\/compliance-services\/easyshop\/\" target=\"_blank\" rel=\"noopener\">EASyShop<\/a><\/li>\n<li class=\"blue\"><a href=\"https:\/\/landbell-group.com\/global-takeback\/\" target=\"_blank\" rel=\"noopener\">Global Takeback Consulting<\/a><\/li>\n<li class=\"blue\"><a href=\"https:\/\/landbell-group.com\/environmental-compliance-consulting\/\" target=\"_blank\" rel=\"noopener\">Environmental Compliance Consulting<\/a><\/li>\n<li class=\"blue\"><a href=\"https:\/\/landbell-group.com\/regulatory-tracking-services\/\" target=\"_blank\" rel=\"noopener\">Regulatory Tracking<\/a><\/li>\n<li class=\"blue\"><a href=\"https:\/\/landbell-group.com\/chemical-compliance\/\" target=\"_blank\" rel=\"noopener\">Chemical Compliance Consulting<\/a><\/li>\n<li class=\"light-blue\"><a href=\"https:\/\/landbell-group.com\/circular-economy-software\/\" target=\"_blank\" rel=\"noopener\">Circular Economy Software<\/a><\/li>\n<li class=\"green\"><a href=\"https:\/\/landbell-group.com\/circular-economy-solutions\/\" target=\"_blank\" rel=\"noopener\">Circular Economy Solutions<\/a><\/li>\n<\/ul>\n<\/div><\/div><\/div><\/div><\/div><\/div><\/div><\/div>\n<div class=\"fusion-fullwidth fullwidth-box fusion-builder-row-5 fusion-flex-container has-pattern-background has-mask-background nonhundred-percent-fullwidth non-hundred-percent-height-scrolling fusion-custom-z-index fusion-absolute-container fusion-absolute-position-small fusion-absolute-position-medium fusion-absolute-position-large\" style=\"--awb-border-radius-top-left:0px;--awb-border-radius-top-right:0px;--awb-border-radius-bottom-right:0px;--awb-border-radius-bottom-left:0px;--awb-z-index:999;--awb-flex-wrap:wrap;\" ><div class=\"fusion-builder-row fusion-row fusion-flex-align-items-flex-start fusion-flex-justify-content-flex-end fusion-flex-content-wrap\" style=\"max-width:1456px;margin-left: calc(-4% \/ 2 );margin-right: calc(-4% \/ 2 );\"><div class=\"fusion-layout-column fusion_builder_column fusion-builder-column-4 fusion_builder_column_1_4 1_4 fusion-flex-column\" style=\"--awb-bg-size:cover;--awb-width-large:25%;--awb-margin-top-large:0px;--awb-spacing-right-large:7.68%;--awb-margin-bottom-large:20px;--awb-spacing-left-large:7.68%;--awb-width-medium:100%;--awb-order-medium:0;--awb-spacing-right-medium:1.92%;--awb-spacing-left-medium:1.92%;--awb-width-small:100%;--awb-order-small:0;--awb-spacing-right-small:1.92%;--awb-spacing-left-small:1.92%;\"><div class=\"fusion-column-wrapper fusion-column-has-shadow fusion-flex-justify-content-flex-start fusion-content-layout-column\"><\/div><\/div><\/div><\/div>\n<\/p>\n","protected":false},"excerpt":{"rendered":"","protected":false},"author":1,"featured_media":9254,"parent":5950,"menu_order":0,"comment_status":"closed","ping_status":"closed","template":"100-width.php","meta":{"_acf_changed":false,"_monsterinsights_skip_tracking":false,"_monsterinsights_sitenote_active":false,"_monsterinsights_sitenote_note":"","_monsterinsights_sitenote_category":0,"footnotes":""},"class_list":["post-5147","page","type-page","status-publish","has-post-thumbnail","hentry"],"acf":[],"yoast_head":"<!-- This site is optimized with the Yoast SEO plugin v27.2 - https:\/\/yoast.com\/product\/yoast-seo-wordpress\/ -->\n<title>Globalne rozwi\u0105zania - Poland (PL)<\/title>\n<meta name=\"robots\" content=\"index, follow, max-snippet:-1, max-image-preview:large, max-video-preview:-1\" \/>\n<link rel=\"canonical\" href=\"https:\/\/erp-recycling.org\/pl-pl\/nasze-dzialania\/uslugi\/globalne-rozwiazania\/\" \/>\n<meta property=\"og:locale\" content=\"pl_PL\" \/>\n<meta property=\"og:type\" content=\"article\" \/>\n<meta property=\"og:title\" content=\"Globalne rozwi\u0105zania - Poland (PL)\" \/>\n<meta property=\"og:url\" content=\"https:\/\/erp-recycling.org\/pl-pl\/nasze-dzialania\/uslugi\/globalne-rozwiazania\/\" \/>\n<meta property=\"og:site_name\" content=\"Poland (PL)\" \/>\n<meta property=\"article:modified_time\" content=\"2023-04-11T13:42:02+00:00\" \/>\n<meta property=\"og:image\" content=\"https:\/\/erp-recycling.org\/pl-pl\/wp-content\/uploads\/sites\/50\/2023\/01\/GlobalSolutions3.jpg\" \/>\n\t<meta property=\"og:image:width\" content=\"2121\" \/>\n\t<meta property=\"og:image:height\" content=\"1414\" \/>\n\t<meta property=\"og:image:type\" content=\"image\/jpeg\" \/>\n<meta name=\"twitter:card\" content=\"summary_large_image\" \/>\n<meta name=\"twitter:label1\" content=\"Szacowany czas czytania\" \/>\n\t<meta name=\"twitter:data1\" content=\"11 minut\" \/>\n<script type=\"application\/ld+json\" class=\"yoast-schema-graph\">{\"@context\":\"https:\/\/schema.org\",\"@graph\":[{\"@type\":\"WebPage\",\"@id\":\"https:\/\/erp-recycling.org\/pl-pl\/nasze-dzialania\/uslugi\/globalne-rozwiazania\/\",\"url\":\"https:\/\/erp-recycling.org\/pl-pl\/nasze-dzialania\/uslugi\/globalne-rozwiazania\/\",\"name\":\"Globalne rozwi\u0105zania - Poland (PL)\",\"isPartOf\":{\"@id\":\"https:\/\/erp-recycling.org\/pl-pl\/#website\"},\"primaryImageOfPage\":{\"@id\":\"https:\/\/erp-recycling.org\/pl-pl\/nasze-dzialania\/uslugi\/globalne-rozwiazania\/#primaryimage\"},\"image\":{\"@id\":\"https:\/\/erp-recycling.org\/pl-pl\/nasze-dzialania\/uslugi\/globalne-rozwiazania\/#primaryimage\"},\"thumbnailUrl\":\"https:\/\/erp-recycling.org\/pl-pl\/wp-content\/uploads\/sites\/50\/2023\/01\/GlobalSolutions3.jpg\",\"datePublished\":\"2022-10-07T09:22:27+00:00\",\"dateModified\":\"2023-04-11T13:42:02+00:00\",\"breadcrumb\":{\"@id\":\"https:\/\/erp-recycling.org\/pl-pl\/nasze-dzialania\/uslugi\/globalne-rozwiazania\/#breadcrumb\"},\"inLanguage\":\"pl-PL\",\"potentialAction\":[{\"@type\":\"ReadAction\",\"target\":[\"https:\/\/erp-recycling.org\/pl-pl\/nasze-dzialania\/uslugi\/globalne-rozwiazania\/\"]}]},{\"@type\":\"ImageObject\",\"inLanguage\":\"pl-PL\",\"@id\":\"https:\/\/erp-recycling.org\/pl-pl\/nasze-dzialania\/uslugi\/globalne-rozwiazania\/#primaryimage\",\"url\":\"https:\/\/erp-recycling.org\/pl-pl\/wp-content\/uploads\/sites\/50\/2023\/01\/GlobalSolutions3.jpg\",\"contentUrl\":\"https:\/\/erp-recycling.org\/pl-pl\/wp-content\/uploads\/sites\/50\/2023\/01\/GlobalSolutions3.jpg\",\"width\":2121,\"height\":1414,\"caption\":\"GlobalSolutions\"},{\"@type\":\"BreadcrumbList\",\"@id\":\"https:\/\/erp-recycling.org\/pl-pl\/nasze-dzialania\/uslugi\/globalne-rozwiazania\/#breadcrumb\",\"itemListElement\":[{\"@type\":\"ListItem\",\"position\":1,\"name\":\"Frontpage\",\"item\":\"https:\/\/erp-recycling.org\/pl-pl\/\"},{\"@type\":\"ListItem\",\"position\":2,\"name\":\"Nasze dzia\u0142ania\",\"item\":\"https:\/\/erp-recycling.org\/pl-pl\/nasze-dzialania\/\"},{\"@type\":\"ListItem\",\"position\":3,\"name\":\"Us\u0142ugi\",\"item\":\"https:\/\/erp-recycling.org\/pl-pl\/nasze-dzialania\/uslugi\/\"},{\"@type\":\"ListItem\",\"position\":4,\"name\":\"Globalne rozwi\u0105zania\"}]},{\"@type\":\"WebSite\",\"@id\":\"https:\/\/erp-recycling.org\/pl-pl\/#website\",\"url\":\"https:\/\/erp-recycling.org\/pl-pl\/\",\"name\":\"Poland (PL)\",\"description\":\"A company of the Landbell Group\",\"publisher\":{\"@id\":\"https:\/\/erp-recycling.org\/pl-pl\/#organization\"},\"potentialAction\":[{\"@type\":\"SearchAction\",\"target\":{\"@type\":\"EntryPoint\",\"urlTemplate\":\"https:\/\/erp-recycling.org\/pl-pl\/?s={search_term_string}\"},\"query-input\":{\"@type\":\"PropertyValueSpecification\",\"valueRequired\":true,\"valueName\":\"search_term_string\"}}],\"inLanguage\":\"pl-PL\"},{\"@type\":\"Organization\",\"@id\":\"https:\/\/erp-recycling.org\/pl-pl\/#organization\",\"name\":\"Poland (PL)\",\"url\":\"https:\/\/erp-recycling.org\/pl-pl\/\",\"logo\":{\"@type\":\"ImageObject\",\"inLanguage\":\"pl-PL\",\"@id\":\"https:\/\/erp-recycling.org\/pl-pl\/#\/schema\/logo\/image\/\",\"url\":\"https:\/\/erp-recycling.org\/pl-pl\/wp-content\/uploads\/sites\/50\/2022\/11\/logo.svg\",\"contentUrl\":\"https:\/\/erp-recycling.org\/pl-pl\/wp-content\/uploads\/sites\/50\/2022\/11\/logo.svg\",\"width\":203,\"height\":77,\"caption\":\"Poland (PL)\"},\"image\":{\"@id\":\"https:\/\/erp-recycling.org\/pl-pl\/#\/schema\/logo\/image\/\"}}]}<\/script>\n<!-- \/ Yoast SEO plugin. -->","yoast_head_json":{"title":"Globalne rozwi\u0105zania - Poland (PL)","robots":{"index":"index","follow":"follow","max-snippet":"max-snippet:-1","max-image-preview":"max-image-preview:large","max-video-preview":"max-video-preview:-1"},"canonical":"https:\/\/erp-recycling.org\/pl-pl\/nasze-dzialania\/uslugi\/globalne-rozwiazania\/","og_locale":"pl_PL","og_type":"article","og_title":"Globalne rozwi\u0105zania - Poland (PL)","og_url":"https:\/\/erp-recycling.org\/pl-pl\/nasze-dzialania\/uslugi\/globalne-rozwiazania\/","og_site_name":"Poland (PL)","article_modified_time":"2023-04-11T13:42:02+00:00","og_image":[{"width":2121,"height":1414,"url":"https:\/\/erp-recycling.org\/pl-pl\/wp-content\/uploads\/sites\/50\/2023\/01\/GlobalSolutions3.jpg","type":"image\/jpeg"}],"twitter_card":"summary_large_image","twitter_misc":{"Szacowany czas czytania":"11 minut"},"schema":{"@context":"https:\/\/schema.org","@graph":[{"@type":"WebPage","@id":"https:\/\/erp-recycling.org\/pl-pl\/nasze-dzialania\/uslugi\/globalne-rozwiazania\/","url":"https:\/\/erp-recycling.org\/pl-pl\/nasze-dzialania\/uslugi\/globalne-rozwiazania\/","name":"Globalne rozwi\u0105zania - Poland (PL)","isPartOf":{"@id":"https:\/\/erp-recycling.org\/pl-pl\/#website"},"primaryImageOfPage":{"@id":"https:\/\/erp-recycling.org\/pl-pl\/nasze-dzialania\/uslugi\/globalne-rozwiazania\/#primaryimage"},"image":{"@id":"https:\/\/erp-recycling.org\/pl-pl\/nasze-dzialania\/uslugi\/globalne-rozwiazania\/#primaryimage"},"thumbnailUrl":"https:\/\/erp-recycling.org\/pl-pl\/wp-content\/uploads\/sites\/50\/2023\/01\/GlobalSolutions3.jpg","datePublished":"2022-10-07T09:22:27+00:00","dateModified":"2023-04-11T13:42:02+00:00","breadcrumb":{"@id":"https:\/\/erp-recycling.org\/pl-pl\/nasze-dzialania\/uslugi\/globalne-rozwiazania\/#breadcrumb"},"inLanguage":"pl-PL","potentialAction":[{"@type":"ReadAction","target":["https:\/\/erp-recycling.org\/pl-pl\/nasze-dzialania\/uslugi\/globalne-rozwiazania\/"]}]},{"@type":"ImageObject","inLanguage":"pl-PL","@id":"https:\/\/erp-recycling.org\/pl-pl\/nasze-dzialania\/uslugi\/globalne-rozwiazania\/#primaryimage","url":"https:\/\/erp-recycling.org\/pl-pl\/wp-content\/uploads\/sites\/50\/2023\/01\/GlobalSolutions3.jpg","contentUrl":"https:\/\/erp-recycling.org\/pl-pl\/wp-content\/uploads\/sites\/50\/2023\/01\/GlobalSolutions3.jpg","width":2121,"height":1414,"caption":"GlobalSolutions"},{"@type":"BreadcrumbList","@id":"https:\/\/erp-recycling.org\/pl-pl\/nasze-dzialania\/uslugi\/globalne-rozwiazania\/#breadcrumb","itemListElement":[{"@type":"ListItem","position":1,"name":"Frontpage","item":"https:\/\/erp-recycling.org\/pl-pl\/"},{"@type":"ListItem","position":2,"name":"Nasze dzia\u0142ania","item":"https:\/\/erp-recycling.org\/pl-pl\/nasze-dzialania\/"},{"@type":"ListItem","position":3,"name":"Us\u0142ugi","item":"https:\/\/erp-recycling.org\/pl-pl\/nasze-dzialania\/uslugi\/"},{"@type":"ListItem","position":4,"name":"Globalne rozwi\u0105zania"}]},{"@type":"WebSite","@id":"https:\/\/erp-recycling.org\/pl-pl\/#website","url":"https:\/\/erp-recycling.org\/pl-pl\/","name":"Poland (PL)","description":"A company of the Landbell Group","publisher":{"@id":"https:\/\/erp-recycling.org\/pl-pl\/#organization"},"potentialAction":[{"@type":"SearchAction","target":{"@type":"EntryPoint","urlTemplate":"https:\/\/erp-recycling.org\/pl-pl\/?s={search_term_string}"},"query-input":{"@type":"PropertyValueSpecification","valueRequired":true,"valueName":"search_term_string"}}],"inLanguage":"pl-PL"},{"@type":"Organization","@id":"https:\/\/erp-recycling.org\/pl-pl\/#organization","name":"Poland (PL)","url":"https:\/\/erp-recycling.org\/pl-pl\/","logo":{"@type":"ImageObject","inLanguage":"pl-PL","@id":"https:\/\/erp-recycling.org\/pl-pl\/#\/schema\/logo\/image\/","url":"https:\/\/erp-recycling.org\/pl-pl\/wp-content\/uploads\/sites\/50\/2022\/11\/logo.svg","contentUrl":"https:\/\/erp-recycling.org\/pl-pl\/wp-content\/uploads\/sites\/50\/2022\/11\/logo.svg","width":203,"height":77,"caption":"Poland (PL)"},"image":{"@id":"https:\/\/erp-recycling.org\/pl-pl\/#\/schema\/logo\/image\/"}}]}},"_links":{"self":[{"href":"https:\/\/erp-recycling.org\/pl-pl\/wp-json\/wp\/v2\/pages\/5147","targetHints":{"allow":["GET"]}}],"collection":[{"href":"https:\/\/erp-recycling.org\/pl-pl\/wp-json\/wp\/v2\/pages"}],"about":[{"href":"https:\/\/erp-recycling.org\/pl-pl\/wp-json\/wp\/v2\/types\/page"}],"author":[{"embeddable":true,"href":"https:\/\/erp-recycling.org\/pl-pl\/wp-json\/wp\/v2\/users\/1"}],"replies":[{"embeddable":true,"href":"https:\/\/erp-recycling.org\/pl-pl\/wp-json\/wp\/v2\/comments?post=5147"}],"version-history":[{"count":17,"href":"https:\/\/erp-recycling.org\/pl-pl\/wp-json\/wp\/v2\/pages\/5147\/revisions"}],"predecessor-version":[{"id":9474,"href":"https:\/\/erp-recycling.org\/pl-pl\/wp-json\/wp\/v2\/pages\/5147\/revisions\/9474"}],"up":[{"embeddable":true,"href":"https:\/\/erp-recycling.org\/pl-pl\/wp-json\/wp\/v2\/pages\/5950"}],"wp:featuredmedia":[{"embeddable":true,"href":"https:\/\/erp-recycling.org\/pl-pl\/wp-json\/wp\/v2\/media\/9254"}],"wp:attachment":[{"href":"https:\/\/erp-recycling.org\/pl-pl\/wp-json\/wp\/v2\/media?parent=5147"}],"curies":[{"name":"wp","href":"https:\/\/api.w.org\/{rel}","templated":true}]}}